{"id":137,"date":"2022-07-20T11:56:06","date_gmt":"2022-07-20T11:56:06","guid":{"rendered":"https:\/\/update.myschoolcockpit.ch\/?page_id=137"},"modified":"2024-01-25T08:40:11","modified_gmt":"2024-01-25T08:40:11","slug":"myschool-cloud","status":"publish","type":"page","link":"https:\/\/www.myschoolcockpit.ch\/fr\/myschoolcockpit-nos-modules-du-produit\/myschool-cloud\/","title":{"rendered":"mySchool Cloud"},"content":{"rendered":"\n<div class=\"wp-block-nk-awb nk-awb alignfull nk-awb-fullheight nk-awb-content-valign-top\"><div class=\"nk-awb-wrap\" data-awb-type=\"image\" data-awb-image-background-size=\"contain\" data-awb-image-background-position=\"100% 0%\"><div class=\"nk-awb-inner\"><img loading=\"lazy\" decoding=\"async\" src=\"https:\/\/www.myschoolcockpit.ch\/fr\/wp-content\/uploads\/sites\/3\/2022\/08\/cloud_header-1.jpg\" class=\"wp-image-1048 jarallax-img\" alt=\"Une personne travaille avec mySchool Cloud\" width=\"1420\" height=\"1440\" srcset=\"https:\/\/www.myschoolcockpit.ch\/fr\/wp-content\/uploads\/sites\/3\/2022\/08\/cloud_header-1.jpg 1420w, https:\/\/www.myschoolcockpit.ch\/fr\/wp-content\/uploads\/sites\/3\/2022\/08\/cloud_header-1-296x300.jpg 296w, https:\/\/www.myschoolcockpit.ch\/fr\/wp-content\/uploads\/sites\/3\/2022\/08\/cloud_header-1-1010x1024.jpg 1010w, https:\/\/www.myschoolcockpit.ch\/fr\/wp-content\/uploads\/sites\/3\/2022\/08\/cloud_header-1-768x779.jpg 768w, https:\/\/www.myschoolcockpit.ch\/fr\/wp-content\/uploads\/sites\/3\/2022\/08\/cloud_header-1-500x507.jpg 500w, https:\/\/www.myschoolcockpit.ch\/fr\/wp-content\/uploads\/sites\/3\/2022\/08\/cloud_header-1-800x811.jpg 800w, https:\/\/www.myschoolcockpit.ch\/fr\/wp-content\/uploads\/sites\/3\/2022\/08\/cloud_header-1-1280x1298.jpg 1280w\" sizes=\"auto, (max-width: 1420px) 100vw, 1420px\"><\/div><\/div>\n<div class=\"wp-block-group is-layout-constrained wp-container-core-group-is-layout-d3d1918a wp-block-group-is-layout-constrained\">\n<div class=\"wp-block-columns alignwide is-layout-flex wp-container-core-columns-is-layout-28f84493 wp-block-columns-is-layout-flex\">\n<div class=\"wp-block-column leadbox is-layout-flow wp-block-column-is-layout-flow\" style=\"padding-top:35vh\">\n<h1 class=\"wp-block-heading\">mySchool Cloud<\/h1>\n\n\n\n<p class=\"lead\">mySchool Cloud est le sys\u00adt\u00e8me cen\u00adtra\u00adli\u00ads\u00e9 et per\u00adson\u00adna\u00adli\u00ads\u00e9 de sto\u00adckage et d\u2019ar\u00adchi\u00advage des don\u00adn\u00e9es de my<strong>School\u00adCock\u00adpit<\/strong>.<\/p>\n<\/div>\n\n\n\n<div class=\"wp-block-column is-layout-flow wp-block-column-is-layout-flow\"><\/div>\n<\/div>\n<\/div>\n<\/div>\n\n\n\n<div class=\"wp-block-group alignfull home-abschnitt-2 is-layout-constrained wp-container-core-group-is-layout-c3a76d3a wp-block-group-is-layout-constrained\">\n<div style=\"height:100px\" aria-hidden=\"true\" class=\"wp-block-spacer\"><\/div>\n\n\n\n<div class=\"wp-block-columns is-layout-flex wp-container-core-columns-is-layout-28f84493 wp-block-columns-is-layout-flex\">\n<div class=\"wp-block-column is-layout-flow wp-block-column-is-layout-flow\">\n<figure class=\"wp-block-image size-large animated fadeIn faster delay-500ms\"><img loading=\"lazy\" decoding=\"async\" width=\"1024\" height=\"615\" src=\"https:\/\/www.myschoolcockpit.ch\/fr\/wp-content\/uploads\/sites\/3\/2022\/07\/Mockup_iPad_MySchoolCockpit_EDU-Cloud-1024x615.png\" alt=\"Une tablette affiche l'interface mySchool Cloud\" class=\"wp-image-254\" srcset=\"https:\/\/www.myschoolcockpit.ch\/fr\/wp-content\/uploads\/sites\/3\/2022\/07\/Mockup_iPad_MySchoolCockpit_EDU-Cloud-1024x615.png 1024w, https:\/\/www.myschoolcockpit.ch\/fr\/wp-content\/uploads\/sites\/3\/2022\/07\/Mockup_iPad_MySchoolCockpit_EDU-Cloud-300x180.png 300w, https:\/\/www.myschoolcockpit.ch\/fr\/wp-content\/uploads\/sites\/3\/2022\/07\/Mockup_iPad_MySchoolCockpit_EDU-Cloud-768x461.png 768w, https:\/\/www.myschoolcockpit.ch\/fr\/wp-content\/uploads\/sites\/3\/2022\/07\/Mockup_iPad_MySchoolCockpit_EDU-Cloud-1536x922.png 1536w, https:\/\/www.myschoolcockpit.ch\/fr\/wp-content\/uploads\/sites\/3\/2022\/07\/Mockup_iPad_MySchoolCockpit_EDU-Cloud-500x300.png 500w, https:\/\/www.myschoolcockpit.ch\/fr\/wp-content\/uploads\/sites\/3\/2022\/07\/Mockup_iPad_MySchoolCockpit_EDU-Cloud-800x480.png 800w, https:\/\/www.myschoolcockpit.ch\/fr\/wp-content\/uploads\/sites\/3\/2022\/07\/Mockup_iPad_MySchoolCockpit_EDU-Cloud-1280x768.png 1280w, https:\/\/www.myschoolcockpit.ch\/fr\/wp-content\/uploads\/sites\/3\/2022\/07\/Mockup_iPad_MySchoolCockpit_EDU-Cloud.png 1686w\" sizes=\"auto, (max-width: 1024px) 100vw, 1024px\"><\/figure>\n<\/div>\n\n\n\n<div class=\"wp-block-column is-layout-flow wp-block-column-is-layout-flow\">\n<h2 class=\"wp-block-heading has-text-align-left\">mySchool Cloud en d\u00e9tail<\/h2>\n\n\n\n<p>mySchool Cloud offre un sys\u00adt\u00e8me com\u00adplet de ges\u00adtion des uti\u00adli\u00adsa\u00adteurs, des groupes et des don\u00adn\u00e9es. Au sein de la struc\u00adture de mySchool Cloud, les don\u00adn\u00e9es des uti\u00adli\u00adsa\u00adteurs peuvent \u00eatre sto\u00adck\u00e9es, consul\u00adt\u00e9es, modi\u00adfi\u00e9es ou m\u00eame sup\u00adpri\u00adm\u00e9es en fonc\u00adtion de leurs droits res\u00adpec\u00adtifs. <br><br>Le sto\u00adckage des don\u00adn\u00e9es est dis\u00adpo\u00adnible pour tous les uti\u00adli\u00adsa\u00adteurs figu\u00adrant dans la ges\u00adtion cen\u00adtra\u00adli\u00ads\u00e9e des uti\u00adli\u00adsa\u00adteurs du ser\u00adveur et dis\u00adpo\u00adsant des droits n\u00e9ces\u00adsaires. Le mat\u00e9\u00adriel p\u00e9da\u00adgo\u00adgique peut ain\u00adsi \u00eatre faci\u00adle\u00adment mis \u00e0 la dis\u00adpo\u00adsi\u00adtion des \u00e9l\u00e8ves et r\u00e9cu\u00adp\u00e9\u00adr\u00e9 par l\u2019en\u00adsei\u00adgnant. Un mode de tra\u00advail en classe vous est \u00e9ga\u00adle\u00adment pro\u00adpo\u00ads\u00e9. <br><br>Le por\u00adtail d\u2019ac\u00adc\u00e8s bas\u00e9 sur le web vous per\u00admet d\u2019ac\u00adc\u00e9\u00adder \u00e0 mySchool Cloud aus\u00adsi bien \u00e0 l\u2019in\u00adt\u00e9\u00adrieur qu\u2019\u00e0 l\u2019ex\u00adt\u00e9\u00adrieur de l\u2019\u00e9\u00adcole. Gr\u00e2ce \u00e0 l\u2019ins\u00adtal\u00adla\u00adtion de mySchool Cloud sur le ser\u00adveur, la ges\u00adtion des don\u00adn\u00e9es et l\u2019ac\u00adc\u00e8s \u00e0 celles-ci res\u00adtent au sein de l\u2019\u00e9cole.<\/p>\n<\/div>\n<\/div>\n\n\n\n<div style=\"height:260px\" aria-hidden=\"true\" class=\"wp-block-spacer\"><\/div>\n<\/div>\n\n\n\n<div class=\"wp-block-group alignfull kontaktbox has-background-color has-custom-myschool-verlauf-gradient-background has-text-color has-background is-layout-constrained wp-container-core-group-is-layout-dde5c68c wp-block-group-is-layout-constrained\" style=\"padding-top:0px;padding-right:0px;padding-bottom:0px;padding-left:0px\">\n<div class=\"wp-block-group is-layout-flow wp-block-group-is-layout-flow\">\n<div class=\"wp-block-columns is-layout-flex wp-container-core-columns-is-layout-28f84493 wp-block-columns-is-layout-flex\">\n<div class=\"wp-block-column is-layout-flow wp-block-column-is-layout-flow\" style=\"padding-top:22%;flex-basis:58%\">\n<h2 class=\"wp-block-heading has-background-color has-text-color\">Avez-vous des questions&nbsp;?<\/h2>\n\n\n\n<p class=\"lead has-background-color has-text-color\">Nous vous ren\u00adsei\u00adgnons volon\u00adtiers sur mySchool Cloud et les autres pro\u00adduits de <span class=\"myschoolcockpit\"><span class=\"light\">my<\/span>School\u00adCock\u00adpit<\/span>.<\/p>\n\n\n\n<div class=\"wp-block-buttons is-layout-flex wp-block-buttons-is-layout-flex\">\n<div class=\"wp-block-button\"><a class=\"wp-block-button__link wp-element-button\" href=\"mailto:info@myschoolcockpit.ch\">CONTAC\u00adTEZ-NOUS<\/a><\/div>\n<\/div>\n<\/div>\n\n\n\n<div class=\"wp-block-column is-layout-flow wp-block-column-is-layout-flow\" style=\"padding-top:20px\">\n<figure class=\"wp-block-image size-full\"><img loading=\"lazy\" decoding=\"async\" width=\"932\" height=\"1243\" src=\"https:\/\/www.myschoolcockpit.ch\/fr\/wp-content\/uploads\/sites\/3\/2024\/01\/Hunziker-Studio-Portrait0043-2.png\" alt class=\"wp-image-1431\" srcset=\"https:\/\/www.myschoolcockpit.ch\/fr\/wp-content\/uploads\/sites\/3\/2024\/01\/Hunziker-Studio-Portrait0043-2.png 932w, https:\/\/www.myschoolcockpit.ch\/fr\/wp-content\/uploads\/sites\/3\/2024\/01\/Hunziker-Studio-Portrait0043-2-225x300.png 225w, https:\/\/www.myschoolcockpit.ch\/fr\/wp-content\/uploads\/sites\/3\/2024\/01\/Hunziker-Studio-Portrait0043-2-768x1024.png 768w, https:\/\/www.myschoolcockpit.ch\/fr\/wp-content\/uploads\/sites\/3\/2024\/01\/Hunziker-Studio-Portrait0043-2-500x667.png 500w, https:\/\/www.myschoolcockpit.ch\/fr\/wp-content\/uploads\/sites\/3\/2024\/01\/Hunziker-Studio-Portrait0043-2-800x1067.png 800w\" sizes=\"auto, (max-width: 932px) 100vw, 932px\"><\/figure>\n<\/div>\n<\/div>\n<\/div>\n<\/div>\n\n\n\n<div style=\"height:200px\" aria-hidden=\"true\" class=\"wp-block-spacer\"><\/div>\n\n\n\n<div class=\"wp-block-group alignfull home-abschnitt-2 is-layout-constrained wp-container-core-group-is-layout-c3a76d3a wp-block-group-is-layout-constrained\">\n<div style=\"height:100px\" aria-hidden=\"true\" class=\"wp-block-spacer\"><\/div>\n\n\n\n<div class=\"wp-block-columns is-layout-flex wp-container-core-columns-is-layout-28f84493 wp-block-columns-is-layout-flex\">\n<div class=\"wp-block-column is-layout-flow wp-block-column-is-layout-flow\" style=\"padding-right:120px\">\n<figure class=\"wp-block-image alignleft size-full is-resized has-custom-border is-style-rounded animated fadeInLeft fast delay-obj1\"><img loading=\"lazy\" decoding=\"async\" width=\"600\" height=\"757\" src=\"https:\/\/www.myschoolcockpit.ch\/fr\/wp-content\/uploads\/sites\/3\/2022\/08\/cloud_gross.jpg\" alt=\"Image symbole de mySchool Cloud\" class=\"wp-image-865\" style=\"border-radius:0px;width:400px\" srcset=\"https:\/\/www.myschoolcockpit.ch\/fr\/wp-content\/uploads\/sites\/3\/2022\/08\/cloud_gross.jpg 600w, https:\/\/www.myschoolcockpit.ch\/fr\/wp-content\/uploads\/sites\/3\/2022\/08\/cloud_gross-238x300.jpg 238w, https:\/\/www.myschoolcockpit.ch\/fr\/wp-content\/uploads\/sites\/3\/2022\/08\/cloud_gross-500x631.jpg 500w\" sizes=\"auto, (max-width: 600px) 100vw, 600px\"><\/figure>\n\n\n\n<figure class=\"wp-block-image alignright size-full is-resized is-style-rounded bildversatz-300 animated fadeInUp fast delay-obj2\"><img loading=\"lazy\" decoding=\"async\" width=\"532\" height=\"665\" src=\"https:\/\/www.myschoolcockpit.ch\/fr\/wp-content\/uploads\/sites\/3\/2022\/08\/cloud_klein.jpg\" alt=\"Image symbole de la gestion des donn\u00e9es dans mySchool Cloud\" class=\"wp-image-864\" style=\"width:300px\" srcset=\"https:\/\/www.myschoolcockpit.ch\/fr\/wp-content\/uploads\/sites\/3\/2022\/08\/cloud_klein.jpg 532w, https:\/\/www.myschoolcockpit.ch\/fr\/wp-content\/uploads\/sites\/3\/2022\/08\/cloud_klein-240x300.jpg 240w, https:\/\/www.myschoolcockpit.ch\/fr\/wp-content\/uploads\/sites\/3\/2022\/08\/cloud_klein-500x625.jpg 500w\" sizes=\"auto, (max-width: 532px) 100vw, 532px\"><\/figure>\n<\/div>\n\n\n\n<div class=\"wp-block-column is-layout-flow wp-block-column-is-layout-flow\">\n<h2 class=\"wp-block-heading has-text-align-left\">my School Cloud en un coup&nbsp;d\u2019\u0153il<\/h2>\n\n\n\n<ul class=\"wp-block-list\">\n<li>Sys\u00adt\u00e8me int\u00e9\u00adgral de ges\u00adtion des uti\u00adli\u00adsa\u00adteurs, des groupes et des donn\u00e9es<\/li>\n\n\n\n<li>Chaque \u00e9cole dis\u00adpose de son propre mySchool Cloud pri\u00adv\u00e9 et prot\u00e9g\u00e9<\/li>\n\n\n\n<li>Ins\u00adtal\u00adla\u00adtion sur ser\u00adveur, la ma\u00ee\u00adtrise des don\u00adn\u00e9es reste ain\u00adsi au sein de l\u2019\u00e9cole<\/li>\n\n\n\n<li>Ges\u00adtion cen\u00adtrale des uti\u00adli\u00adsa\u00adteurs et r\u00e9par\u00adti\u00adtion des droits via le serveur<\/li>\n\n\n\n<li>Login per\u00adson\u00adna\u00adli\u00ads\u00e9, acc\u00e8s \u00e9ga\u00adle\u00adment pos\u00adsible en dehors de l\u2019\u00e9cole<\/li>\n\n\n\n<li>Pos\u00adsi\u00adbi\u00adli\u00adt\u00e9 d\u2019in\u00adt\u00e9\u00adgrer d\u2019autres modules comme mySchool Office ou <a href=\"https:\/\/www.myschoolcockpit.ch\/fr\/produkt\/myschool-control\/\" target=\"_blank\" rel=\"noreferrer noopener\">mySchool Control<\/a><\/li>\n<\/ul>\n<\/div>\n<\/div>\n<\/div>\n","protected":false},"excerpt":{"rendered":"<p>mySchool Cloud en d\u00e9tail mySchool Cloud offre un sys\u00adt\u00e8me com\u00adplet de ges\u00adtion des uti\u00adli\u00adsa\u00adteurs, des groupes et des don\u00adn\u00e9es. Au sein de la struc\u00adture de mySchool Cloud, les don\u00adn\u00e9es des uti\u00adli\u00adsa\u00adteurs peuvent \u00eatre sto\u00adck\u00e9es, consul\u00adt\u00e9es, modi\u00adfi\u00e9es ou m\u00eame sup\u00adpri\u00adm\u00e9es en fonc\u00adtion de leurs droits res\u00adpec\u00adtifs.&nbsp; Le sto\u00adckage des don\u00adn\u00e9es est dis\u00adpo\u00adnible pour tous les utilisateurs&nbsp;[\u2026]<\/p>\n","protected":false},"author":1,"featured_media":0,"parent":33,"menu_order":0,"comment_status":"closed","ping_status":"closed","template":"wp-custom-template-standardseite-my-school-cockpit","meta":{"wp_typography_post_enhancements_disabled":false,"footnotes":""},"class_list":["post-137","page","type-page","status-publish","hentry"],"yoast_head":"<!-- This site is optimized with the Yoast SEO plugin v19.7.1 - https:\/\/yoast.com\/wordpress\/plugins\/seo\/ -->\n<title>mySchool Cloud - My School Cockpit<\/title>\n<meta name=\"description\" content=\"mySchool Cloud vous offre un syst\u00e8me complet de gestion des utilisateurs, des groupes et des donn\u00e9es et sauvegarde vos donn\u00e9es de fa\u00e7on centralis\u00e9e. D\u00e9couvrez ses avantages.\" \/>\n<meta name=\"robots\" content=\"index, follow, max-snippet:-1, max-image-preview:large, max-video-preview:-1\" \/>\n<link rel=\"canonical\" href=\"https:\/\/www.myschoolcockpit.ch\/fr\/myschoolcockpit-nos-modules-du-produit\/myschool-cloud\/\" \/>\n<meta property=\"og:locale\" content=\"fr_FR\" \/>\n<meta property=\"og:type\" content=\"article\" \/>\n<meta property=\"og:title\" content=\"mySchool Cloud - My School Cockpit\" \/>\n<meta property=\"og:description\" content=\"mySchool Cloud vous offre un syst\u00e8me complet de gestion des utilisateurs, des groupes et des donn\u00e9es et sauvegarde vos donn\u00e9es de fa\u00e7on centralis\u00e9e. D\u00e9couvrez ses avantages.\" \/>\n<meta property=\"og:url\" content=\"https:\/\/www.myschoolcockpit.ch\/fr\/myschoolcockpit-nos-modules-du-produit\/myschool-cloud\/\" \/>\n<meta property=\"og:site_name\" content=\"My School Cockpit\" \/>\n<meta property=\"article:modified_time\" content=\"2024-01-25T08:40:11+00:00\" \/>\n<meta property=\"og:image\" content=\"https:\/\/www.myschoolcockpit.ch\/fr\/wp-content\/uploads\/sites\/3\/2022\/08\/cloud_header-1.jpg\" \/>\n<meta name=\"twitter:card\" content=\"summary_large_image\" \/>\n<meta name=\"twitter:label1\" content=\"Dur\u00e9e de lecture estim\u00e9e\" \/>\n\t<meta name=\"twitter:data1\" content=\"3 minutes\" \/>\n<script type=\"application\/ld+json\" class=\"yoast-schema-graph\">{\"@context\":\"https:\/\/schema.org\",\"@graph\":[{\"@type\":\"WebPage\",\"@id\":\"https:\/\/www.myschoolcockpit.ch\/fr\/myschoolcockpit-nos-modules-du-produit\/myschool-cloud\/\",\"url\":\"https:\/\/www.myschoolcockpit.ch\/fr\/myschoolcockpit-nos-modules-du-produit\/myschool-cloud\/\",\"name\":\"mySchool Cloud - My School Cockpit\",\"isPartOf\":{\"@id\":\"https:\/\/www.myschoolcockpit.ch\/fr\/#website\"},\"datePublished\":\"2022-07-20T11:56:06+00:00\",\"dateModified\":\"2024-01-25T08:40:11+00:00\",\"description\":\"mySchool Cloud vous offre un syst\u00e8me complet de gestion des utilisateurs, des groupes et des donn\u00e9es et sauvegarde vos donn\u00e9es de fa\u00e7on centralis\u00e9e. D\u00e9couvrez ses avantages.\",\"breadcrumb\":{\"@id\":\"https:\/\/www.myschoolcockpit.ch\/fr\/myschoolcockpit-nos-modules-du-produit\/myschool-cloud\/#breadcrumb\"},\"inLanguage\":\"fr-FR\",\"potentialAction\":[{\"@type\":\"ReadAction\",\"target\":[\"https:\/\/www.myschoolcockpit.ch\/fr\/myschoolcockpit-nos-modules-du-produit\/myschool-cloud\/\"]}]},{\"@type\":\"BreadcrumbList\",\"@id\":\"https:\/\/www.myschoolcockpit.ch\/fr\/myschoolcockpit-nos-modules-du-produit\/myschool-cloud\/#breadcrumb\",\"itemListElement\":[{\"@type\":\"ListItem\",\"position\":1,\"name\":\"Startseite\",\"item\":\"https:\/\/www.myschoolcockpit.ch\/fr\/\"},{\"@type\":\"ListItem\",\"position\":2,\"name\":\"Produit\",\"item\":\"https:\/\/www.myschoolcockpit.ch\/fr\/myschoolcockpit-nos-modules-du-produit\/\"},{\"@type\":\"ListItem\",\"position\":3,\"name\":\"mySchool Cloud\"}]},{\"@type\":\"WebSite\",\"@id\":\"https:\/\/www.myschoolcockpit.ch\/fr\/#website\",\"url\":\"https:\/\/www.myschoolcockpit.ch\/fr\/\",\"name\":\"My School Cockpit\",\"description\":\"Die webbasierte Schweizer Unterrichts- und Kommunikationsplatform\",\"publisher\":{\"@id\":\"https:\/\/www.myschoolcockpit.ch\/fr\/#organization\"},\"potentialAction\":[{\"@type\":\"SearchAction\",\"target\":{\"@type\":\"EntryPoint\",\"urlTemplate\":\"https:\/\/www.myschoolcockpit.ch\/fr\/?s={search_term_string}\"},\"query-input\":\"required name=search_term_string\"}],\"inLanguage\":\"fr-FR\"},{\"@type\":\"Organization\",\"@id\":\"https:\/\/www.myschoolcockpit.ch\/fr\/#organization\",\"name\":\"My School Cockpit\",\"url\":\"https:\/\/www.myschoolcockpit.ch\/fr\/\",\"sameAs\":[],\"logo\":{\"@type\":\"ImageObject\",\"inLanguage\":\"fr-FR\",\"@id\":\"https:\/\/www.myschoolcockpit.ch\/fr\/#\/schema\/logo\/image\/\",\"url\":\"https:\/\/www.myschoolcockpit.ch\/fr\/wp-content\/uploads\/sites\/3\/2022\/07\/Logo_mSC_header.svg\",\"contentUrl\":\"https:\/\/www.myschoolcockpit.ch\/fr\/wp-content\/uploads\/sites\/3\/2022\/07\/Logo_mSC_header.svg\",\"caption\":\"My School Cockpit\"},\"image\":{\"@id\":\"https:\/\/www.myschoolcockpit.ch\/fr\/#\/schema\/logo\/image\/\"}}]}<\/script>\n<!-- \/ Yoast SEO plugin. -->","yoast_head_json":{"title":"mySchool Cloud - My School Cockpit","description":"mySchool Cloud vous offre un syst\u00e8me complet de gestion des utilisateurs, des groupes et des donn\u00e9es et sauvegarde vos donn\u00e9es de fa\u00e7on centralis\u00e9e. D\u00e9couvrez ses avantages.","robots":{"index":"index","follow":"follow","max-snippet":"max-snippet:-1","max-image-preview":"max-image-preview:large","max-video-preview":"max-video-preview:-1"},"canonical":"https:\/\/www.myschoolcockpit.ch\/fr\/myschoolcockpit-nos-modules-du-produit\/myschool-cloud\/","og_locale":"fr_FR","og_type":"article","og_title":"mySchool Cloud - My School Cockpit","og_description":"mySchool Cloud vous offre un syst\u00e8me complet de gestion des utilisateurs, des groupes et des donn\u00e9es et sauvegarde vos donn\u00e9es de fa\u00e7on centralis\u00e9e. D\u00e9couvrez ses avantages.","og_url":"https:\/\/www.myschoolcockpit.ch\/fr\/myschoolcockpit-nos-modules-du-produit\/myschool-cloud\/","og_site_name":"My School Cockpit","article_modified_time":"2024-01-25T08:40:11+00:00","og_image":[{"url":"https:\/\/www.myschoolcockpit.ch\/fr\/wp-content\/uploads\/sites\/3\/2022\/08\/cloud_header-1.jpg"}],"twitter_card":"summary_large_image","twitter_misc":{"Dur\u00e9e de lecture estim\u00e9e":"3 minutes"},"schema":{"@context":"https:\/\/schema.org","@graph":[{"@type":"WebPage","@id":"https:\/\/www.myschoolcockpit.ch\/fr\/myschoolcockpit-nos-modules-du-produit\/myschool-cloud\/","url":"https:\/\/www.myschoolcockpit.ch\/fr\/myschoolcockpit-nos-modules-du-produit\/myschool-cloud\/","name":"mySchool Cloud - My School Cockpit","isPartOf":{"@id":"https:\/\/www.myschoolcockpit.ch\/fr\/#website"},"datePublished":"2022-07-20T11:56:06+00:00","dateModified":"2024-01-25T08:40:11+00:00","description":"mySchool Cloud vous offre un syst\u00e8me complet de gestion des utilisateurs, des groupes et des donn\u00e9es et sauvegarde vos donn\u00e9es de fa\u00e7on centralis\u00e9e. D\u00e9couvrez ses avantages.","breadcrumb":{"@id":"https:\/\/www.myschoolcockpit.ch\/fr\/myschoolcockpit-nos-modules-du-produit\/myschool-cloud\/#breadcrumb"},"inLanguage":"fr-FR","potentialAction":[{"@type":"ReadAction","target":["https:\/\/www.myschoolcockpit.ch\/fr\/myschoolcockpit-nos-modules-du-produit\/myschool-cloud\/"]}]},{"@type":"BreadcrumbList","@id":"https:\/\/www.myschoolcockpit.ch\/fr\/myschoolcockpit-nos-modules-du-produit\/myschool-cloud\/#breadcrumb","itemListElement":[{"@type":"ListItem","position":1,"name":"Startseite","item":"https:\/\/www.myschoolcockpit.ch\/fr\/"},{"@type":"ListItem","position":2,"name":"Produit","item":"https:\/\/www.myschoolcockpit.ch\/fr\/myschoolcockpit-nos-modules-du-produit\/"},{"@type":"ListItem","position":3,"name":"mySchool Cloud"}]},{"@type":"WebSite","@id":"https:\/\/www.myschoolcockpit.ch\/fr\/#website","url":"https:\/\/www.myschoolcockpit.ch\/fr\/","name":"My School Cockpit","description":"Die webbasierte Schweizer Unterrichts- und Kommunikationsplatform","publisher":{"@id":"https:\/\/www.myschoolcockpit.ch\/fr\/#organization"},"potentialAction":[{"@type":"SearchAction","target":{"@type":"EntryPoint","urlTemplate":"https:\/\/www.myschoolcockpit.ch\/fr\/?s={search_term_string}"},"query-input":"required name=search_term_string"}],"inLanguage":"fr-FR"},{"@type":"Organization","@id":"https:\/\/www.myschoolcockpit.ch\/fr\/#organization","name":"My School Cockpit","url":"https:\/\/www.myschoolcockpit.ch\/fr\/","sameAs":[],"logo":{"@type":"ImageObject","inLanguage":"fr-FR","@id":"https:\/\/www.myschoolcockpit.ch\/fr\/#\/schema\/logo\/image\/","url":"https:\/\/www.myschoolcockpit.ch\/fr\/wp-content\/uploads\/sites\/3\/2022\/07\/Logo_mSC_header.svg","contentUrl":"https:\/\/www.myschoolcockpit.ch\/fr\/wp-content\/uploads\/sites\/3\/2022\/07\/Logo_mSC_header.svg","caption":"My School Cockpit"},"image":{"@id":"https:\/\/www.myschoolcockpit.ch\/fr\/#\/schema\/logo\/image\/"}}]}},"_links":{"self":[{"href":"https:\/\/www.myschoolcockpit.ch\/fr\/wp-json\/wp\/v2\/pages\/137","targetHints":{"allow":["GET"]}}],"collection":[{"href":"https:\/\/www.myschoolcockpit.ch\/fr\/wp-json\/wp\/v2\/pages"}],"about":[{"href":"https:\/\/www.myschoolcockpit.ch\/fr\/wp-json\/wp\/v2\/types\/page"}],"author":[{"embeddable":true,"href":"https:\/\/www.myschoolcockpit.ch\/fr\/wp-json\/wp\/v2\/users\/1"}],"replies":[{"embeddable":true,"href":"https:\/\/www.myschoolcockpit.ch\/fr\/wp-json\/wp\/v2\/comments?post=137"}],"version-history":[{"count":54,"href":"https:\/\/www.myschoolcockpit.ch\/fr\/wp-json\/wp\/v2\/pages\/137\/revisions"}],"predecessor-version":[{"id":1432,"href":"https:\/\/www.myschoolcockpit.ch\/fr\/wp-json\/wp\/v2\/pages\/137\/revisions\/1432"}],"up":[{"embeddable":true,"href":"https:\/\/www.myschoolcockpit.ch\/fr\/wp-json\/wp\/v2\/pages\/33"}],"wp:attachment":[{"href":"https:\/\/www.myschoolcockpit.ch\/fr\/wp-json\/wp\/v2\/media?parent=137"}],"curies":[{"name":"wp","href":"https:\/\/api.w.org\/{rel}","templated":true}]}}