{"id":39,"date":"2022-07-13T09:52:40","date_gmt":"2022-07-13T09:52:40","guid":{"rendered":"https:\/\/update.myschoolcockpit.ch\/?page_id=39"},"modified":"2023-08-09T09:22:18","modified_gmt":"2023-08-09T09:22:18","slug":"myschoolcockpit-reservez-des-maintenant-votre-session-de-formation","status":"publish","type":"page","link":"https:\/\/www.myschoolcockpit.ch\/fr\/myschoolcockpit-reservez-des-maintenant-votre-session-de-formation\/","title":{"rendered":"For\u00adma\u00adtion"},"content":{"rendered":"\n<div class=\"wp-block-nk-awb nk-awb alignfull nk-awb-fullheight nk-awb-content-valign-top\"><div class=\"nk-awb-wrap\" data-awb-type=\"image\" data-awb-image-background-size=\"contain\" data-awb-image-background-position=\"100% 0%\"><div class=\"nk-awb-inner\"><img loading=\"lazy\" decoding=\"async\" src=\"https:\/\/www.myschoolcockpit.ch\/fr\/wp-content\/uploads\/sites\/3\/2022\/08\/schulung_header.jpg\" class=\"wp-image-1044 jarallax-img\" alt=\"Personnes participant \u00e0 une formation my School Cockpit\" width=\"1420\" height=\"1440\" srcset=\"https:\/\/www.myschoolcockpit.ch\/fr\/wp-content\/uploads\/sites\/3\/2022\/08\/schulung_header.jpg 1420w, https:\/\/www.myschoolcockpit.ch\/fr\/wp-content\/uploads\/sites\/3\/2022\/08\/schulung_header-296x300.jpg 296w, https:\/\/www.myschoolcockpit.ch\/fr\/wp-content\/uploads\/sites\/3\/2022\/08\/schulung_header-1010x1024.jpg 1010w, https:\/\/www.myschoolcockpit.ch\/fr\/wp-content\/uploads\/sites\/3\/2022\/08\/schulung_header-768x779.jpg 768w, https:\/\/www.myschoolcockpit.ch\/fr\/wp-content\/uploads\/sites\/3\/2022\/08\/schulung_header-500x507.jpg 500w, https:\/\/www.myschoolcockpit.ch\/fr\/wp-content\/uploads\/sites\/3\/2022\/08\/schulung_header-800x811.jpg 800w, https:\/\/www.myschoolcockpit.ch\/fr\/wp-content\/uploads\/sites\/3\/2022\/08\/schulung_header-1280x1298.jpg 1280w\" sizes=\"auto, (max-width: 1420px) 100vw, 1420px\"><\/div><\/div>\n<div class=\"wp-block-group is-layout-constrained wp-container-core-group-is-layout-d3d1918a wp-block-group-is-layout-constrained\">\n<div class=\"wp-block-columns alignwide is-layout-flex wp-container-core-columns-is-layout-28f84493 wp-block-columns-is-layout-flex\">\n<div class=\"wp-block-column leadbox is-layout-flow wp-block-column-is-layout-flow\" style=\"padding-top:35vh\">\n<h1 class=\"wp-block-heading\">Deve\u00adnez un pro de <span class=\"myschoolcockpit\"><span class=\"light\">my<\/span>School\u00adCock\u00adpit<\/span><\/h1>\n\n\n\n<p class=\"lead\">Ins\u00adcri\u00advez-vous \u00e0 notre for\u00adma\u00adtion et d\u00e9cou\u00advrez tous les atouts de my<strong>School\u00adCock\u00adpit<\/strong>.<\/p>\n<\/div>\n\n\n\n<div class=\"wp-block-column is-layout-flow wp-block-column-is-layout-flow\"><\/div>\n<\/div>\n<\/div>\n<\/div>\n\n\n\n<div class=\"wp-block-group alignfull fancy-background-1 is-layout-constrained wp-container-core-group-is-layout-c3a76d3a wp-block-group-is-layout-constrained\">\n<div style=\"height:100px\" aria-hidden=\"true\" class=\"wp-block-spacer\"><\/div>\n\n\n\n<div class=\"wp-block-columns are-vertically-aligned-center is-layout-flex wp-container-core-columns-is-layout-28f84493 wp-block-columns-is-layout-flex\">\n<div class=\"wp-block-column is-vertically-aligned-center is-layout-flow wp-block-column-is-layout-flow\">\n<figure class=\"wp-block-image size-large is-resized is-style-rounded animated fadeIn faster delay-500ms\"><img decoding=\"async\" src=\"https:\/\/www.myschoolcockpit.ch\/fr\/wp-content\/uploads\/sites\/3\/2022\/08\/schulungen_bild-1-1024x683.jpg\" alt=\"Formation en ligne de mySchool Cockpit\" class=\"wp-image-836\" width=\"600\" srcset=\"https:\/\/www.myschoolcockpit.ch\/fr\/wp-content\/uploads\/sites\/3\/2022\/08\/schulungen_bild-1-1024x683.jpg 1024w, https:\/\/www.myschoolcockpit.ch\/fr\/wp-content\/uploads\/sites\/3\/2022\/08\/schulungen_bild-1-300x200.jpg 300w, https:\/\/www.myschoolcockpit.ch\/fr\/wp-content\/uploads\/sites\/3\/2022\/08\/schulungen_bild-1-768x512.jpg 768w, https:\/\/www.myschoolcockpit.ch\/fr\/wp-content\/uploads\/sites\/3\/2022\/08\/schulungen_bild-1-1536x1025.jpg 1536w, https:\/\/www.myschoolcockpit.ch\/fr\/wp-content\/uploads\/sites\/3\/2022\/08\/schulungen_bild-1-2048x1366.jpg 2048w, https:\/\/www.myschoolcockpit.ch\/fr\/wp-content\/uploads\/sites\/3\/2022\/08\/schulungen_bild-1-500x333.jpg 500w, https:\/\/www.myschoolcockpit.ch\/fr\/wp-content\/uploads\/sites\/3\/2022\/08\/schulungen_bild-1-800x534.jpg 800w, https:\/\/www.myschoolcockpit.ch\/fr\/wp-content\/uploads\/sites\/3\/2022\/08\/schulungen_bild-1-1280x854.jpg 1280w, https:\/\/www.myschoolcockpit.ch\/fr\/wp-content\/uploads\/sites\/3\/2022\/08\/schulungen_bild-1-1920x1281.jpg 1920w\" sizes=\"(max-width: 1024px) 100vw, 1024px\"><\/figure>\n<\/div>\n\n\n\n<div class=\"wp-block-column is-vertically-aligned-center is-layout-flow wp-block-column-is-layout-flow\">\n<h2 class=\"wp-block-heading has-text-align-left\">Notre offre de formation<\/h2>\n\n\n\n<p>Bien\u00adve\u00adnue dans le monde du num\u00e9\u00adrique. D\u00e9cou\u00advrez <span class=\"myschoolcockpit\"><span class=\"light\">my<\/span>School\u00adCock\u00adpit<\/span> dans le d\u00e9tail. Au cours de notre for\u00adma\u00adtion, nous \u00e9la\u00adbo\u00adrons ensemble un concept p\u00e9da\u00adgo\u00adgique r\u00e9pon\u00addant \u00e0 vos exi\u00adgences et nous vous r\u00e9v\u00e9\u00adlons com\u00adment exploi\u00adter effi\u00adca\u00adce\u00adment les avan\u00adtages de my<strong>School\u00adCock\u00adpit<\/strong>. <\/p>\n\n\n\n<p>Notre \u00e9quipe my<strong>School\u00adCock\u00adpit<\/strong> vous assiste \u00e0 tout moment en cas de ques\u00adtions ou de dif\u00adfi\u00adcul\u00adt\u00e9s, \u00e9ga\u00adle\u00adment apr\u00e8s la formation.<\/p>\n<\/div>\n<\/div>\n\n\n\n<div style=\"height:300px\" aria-hidden=\"true\" class=\"wp-block-spacer\"><\/div>\n<\/div>\n\n\n\n<div class=\"wp-block-group alignfull fancy-background-2 is-layout-constrained wp-container-core-group-is-layout-9cb91f4d wp-block-group-is-layout-constrained\">\n<div style=\"height:50px\" aria-hidden=\"true\" class=\"wp-block-spacer\"><\/div>\n\n\n\n<h2 class=\"wp-block-heading has-text-align-center\">R\u00e9ser\u00advez d\u00e8s main\u00adte\u00adnant votre ses\u00adsion de formation<\/h2>\n\n\n\n<p class=\"has-text-align-center lead\">Veuillez rem\u00adplir le for\u00admu\u00adlaire de contact et cli\u00adquer sur \u00ab ENVOYER \u00bb . Vous rece\u00advrez ensuite une confir\u00adma\u00adtion auto\u00adma\u00adtique et nous vous contac\u00adte\u00adrons pour conve\u00adnir un ren\u00addez-vous. <br>Nous sommes ravis de rece\u00advoir votre demande.<\/p>\n\n\n\n<p class=\"has-text-align-center lead\">N\u2019h\u00e9\u00adsi\u00adtez pas \u00e0 nous contac\u00adter si vous avez des ques\u00adtions : +41 44 722 81 11 ou info@myschoolcockpit.ch.<\/p>\n\n\n\n<div style=\"height:25px\" aria-hidden=\"true\" class=\"wp-block-spacer\"><\/div>\n\n\n\n<div class=\"wp-block-contact-form-7-contact-form-selector\"><div role=\"form\" class=\"wpcf7\" id=\"wpcf7-f1029-o1\" lang=\"de-DE\" dir=\"ltr\">\n<div class=\"screen-reader-response\"><p role=\"status\" aria-live=\"polite\" aria-atomic=\"true\"><\/p> <ul><\/ul><\/div>\n<form action=\"\/fr\/wp-json\/wp\/v2\/pages\/39#wpcf7-f1029-o1\" method=\"post\" class=\"wpcf7-form init\" novalidate=\"novalidate\" data-status=\"init\">\n<div style=\"display: none;\">\n<input type=\"hidden\" name=\"_wpcf7\" value=\"1029\">\n<input type=\"hidden\" name=\"_wpcf7_version\" value=\"5.6.3\">\n<input type=\"hidden\" name=\"_wpcf7_locale\" value=\"de_DE\">\n<input type=\"hidden\" name=\"_wpcf7_unit_tag\" value=\"wpcf7-f1029-o1\">\n<input type=\"hidden\" name=\"_wpcf7_container_post\" value=\"0\">\n<input type=\"hidden\" name=\"_wpcf7_posted_data_hash\" value>\n<\/div>\n<div class=\"spalte100\"> <span class=\"wpcf7-form-control-wrap\" data-name=\"bildungseinrichtung\"><input type=\"text\" name=\"bildungseinrichtung\" value size=\"40\" class=\"wpcf7-form-control wpcf7-text\" aria-invalid=\"false\" placeholder=\"Entreprise\/Etablissement d'enseignement\"><\/span> <\/div>\n<div class=\"spalte50 links\"> <span class=\"wpcf7-form-control-wrap\" data-name=\"your_firstname\"><input type=\"text\" name=\"your_firstname\" value size=\"40\" class=\"wpcf7-form-control wpcf7-text wpcf7-validates-as-required\" aria-required=\"true\" aria-invalid=\"false\" placeholder=\"Pr\u00e9nom *\"><\/span> <\/div>\n<div class=\"spalte50\"> <span class=\"wpcf7-form-control-wrap\" data-name=\"your_name\"><input type=\"text\" name=\"your_name\" value size=\"40\" class=\"wpcf7-form-control wpcf7-text wpcf7-validates-as-required\" aria-required=\"true\" aria-invalid=\"false\" placeholder=\"Nom de famille *\"><\/span> <\/div>\n<div class=\"spalte50 links\"><span class=\"wpcf7-form-control-wrap\" data-name=\"your_streetname\"><input type=\"text\" name=\"your_streetname\" value size=\"40\" class=\"wpcf7-form-control wpcf7-text\" aria-invalid=\"false\" placeholder=\"Rue\/num\u00e9ro\"><\/span> <\/div>\n<div class=\"spalte25 links\"><span class=\"wpcf7-form-control-wrap\" data-name=\"your_plz\"><input type=\"text\" name=\"your_plz\" value size=\"40\" class=\"wpcf7-form-control wpcf7-text\" aria-invalid=\"false\" placeholder=\"Code postal\"><\/span> <\/div>\n<div class=\"spalte25\"><span class=\"wpcf7-form-control-wrap\" data-name=\"your_ort\"><input type=\"text\" name=\"your_ort\" value size=\"40\" class=\"wpcf7-form-control wpcf7-text\" aria-invalid=\"false\" placeholder=\"Localit\u00e9\"><\/span> <\/div>\n<div class=\"spalte50 links\"><span class=\"wpcf7-form-control-wrap\" data-name=\"your_phone\"><input type=\"text\" name=\"your_phone\" value size=\"40\" class=\"wpcf7-form-control wpcf7-text wpcf7-validates-as-required\" aria-required=\"true\" aria-invalid=\"false\" placeholder=\"N\u00b0 de t\u00e9l\u00e9phone *\"><\/span> <\/div>\n<div class=\"spalte50\"><span class=\"wpcf7-form-control-wrap\" data-name=\"your_email\"><input type=\"email\" name=\"your_email\" value size=\"40\" class=\"wpcf7-form-control wpcf7-text wpcf7-email wpcf7-validates-as-required wpcf7-validates-as-email\" aria-required=\"true\" aria-invalid=\"false\" placeholder=\"E-mail *\"><\/span> <\/div>\n<div class=\"spalte100\">\n<p>Pro\u00adpo\u00adsi\u00adtions de&nbsp;dates<\/p><\/div>\n<div class=\"spalte50 links\"><span class=\"wpcf7-form-control-wrap\" data-name=\"date-490\"><input type=\"date\" name=\"date-490\" value class=\"wpcf7-form-control wpcf7-date wpcf7-validates-as-date\" aria-invalid=\"false\"><\/span> <\/div>\n<div class=\"spalte50\"><span class=\"wpcf7-form-control-wrap\" data-name=\"date-491\"><input type=\"date\" name=\"date-491\" value class=\"wpcf7-form-control wpcf7-date wpcf7-validates-as-date\" aria-invalid=\"false\"><\/span> <\/div>\n<div class=\"spalte100\"><span class=\"wpcf7-form-control-wrap\" data-name=\"nachricht\"><textarea name=\"nachricht\" cols=\"40\" rows=\"10\" class=\"wpcf7-form-control wpcf7-textarea\" aria-invalid=\"false\" placeholder=\"Message\"><\/textarea><\/span> <\/div>\n<p>* Champs obligatoires<\/p>\n<div class=\"spalte100-checkbox\"><span class=\"wpcf7-form-control-wrap\" data-name=\"checkbox-307\"><span class=\"wpcf7-form-control wpcf7-checkbox wpcf7-validates-as-required\"><span class=\"wpcf7-list-item first last\"><label><input type=\"checkbox\" name=\"checkbox-307[]\" value=\"J'accepte que mes donn\u00e9es soient collect\u00e9es et enregistr\u00e9es conform\u00e9ment \u00e0 la d\u00e9claration de protection des donn\u00e9es. *\"><span class=\"wpcf7-list-item-label\">J\u2019ac\u00adcepte que mes don\u00adn\u00e9es soient col\u00adlec\u00adt\u00e9es et enre\u00adgis\u00adtr\u00e9es confor\u00adm\u00e9\u00adment \u00e0 la d\u00e9cla\u00adra\u00adtion de pro\u00adtec\u00adtion des donn\u00e9es.&nbsp;*<\/span><\/label><\/span><\/span><\/span><\/div>\n<p style=\"clear: both;\"><input type=\"submit\" value=\"Envoyer\" class=\"wpcf7-form-control has-spinner wpcf7-submit\"><\/p>\n<div class=\"wpcf7-response-output\" aria-hidden=\"true\"><\/div><\/form><\/div><\/div>\n<\/div>\n\n\n\n<div style=\"height:50px\" aria-hidden=\"true\" class=\"wp-block-spacer\"><\/div>\n","protected":false},"excerpt":{"rendered":"<p>Notre offre de for\u00adma\u00adtion Bien\u00adve\u00adnue dans le monde du num\u00e9\u00adrique. D\u00e9cou\u00advrez mySchool\u00adCock\u00adpit dans le d\u00e9tail. Au cours de notre for\u00adma\u00adtion, nous \u00e9la\u00adbo\u00adrons ensemble un concept p\u00e9da\u00adgo\u00adgique r\u00e9pon\u00addant \u00e0 vos exi\u00adgences et nous vous r\u00e9v\u00e9\u00adlons com\u00adment exploi\u00adter effi\u00adca\u00adce\u00adment les avan\u00adtages de mySchool\u00adCock\u00adpit. Notre \u00e9quipe mySchool\u00adCock\u00adpit vous assiste \u00e0 tout moment en cas de ques\u00adtions ou&nbsp;de&nbsp;[\u2026]<\/p>\n","protected":false},"author":1,"featured_media":0,"parent":0,"menu_order":6,"comment_status":"closed","ping_status":"closed","template":"wp-custom-template-standardseite-my-school-cockpit","meta":{"wp_typography_post_enhancements_disabled":false,"footnotes":""},"class_list":["post-39","page","type-page","status-publish","hentry"],"yoast_head":"<!-- This site is optimized with the Yoast SEO plugin v19.7.1 - https:\/\/yoast.com\/wordpress\/plugins\/seo\/ -->\n<title>Formation - My School Cockpit<\/title>\n<meta name=\"description\" content=\"Devenez un professionnel de mySchoolCockpit ! R\u00e9servez d\u00e8s maintenant votre session de formation et d\u00e9couvrez plus en d\u00e9tail comment mySchoolCockpit peut aider votre \u00e9cole.\" \/>\n<meta name=\"robots\" content=\"index, follow, max-snippet:-1, max-image-preview:large, max-video-preview:-1\" \/>\n<link rel=\"canonical\" href=\"https:\/\/www.myschoolcockpit.ch\/fr\/myschoolcockpit-reservez-des-maintenant-votre-session-de-formation\/\" \/>\n<meta property=\"og:locale\" content=\"fr_FR\" \/>\n<meta property=\"og:type\" content=\"article\" \/>\n<meta property=\"og:title\" content=\"Formation - My School Cockpit\" \/>\n<meta property=\"og:description\" content=\"Devenez un professionnel de mySchoolCockpit ! R\u00e9servez d\u00e8s maintenant votre session de formation et d\u00e9couvrez plus en d\u00e9tail comment mySchoolCockpit peut aider votre \u00e9cole.\" \/>\n<meta property=\"og:url\" content=\"https:\/\/www.myschoolcockpit.ch\/fr\/myschoolcockpit-reservez-des-maintenant-votre-session-de-formation\/\" \/>\n<meta property=\"og:site_name\" content=\"My School Cockpit\" \/>\n<meta property=\"article:modified_time\" content=\"2023-08-09T09:22:18+00:00\" \/>\n<meta property=\"og:image\" content=\"https:\/\/www.myschoolcockpit.ch\/fr\/wp-content\/uploads\/sites\/3\/2022\/08\/schulung_header.jpg\" \/>\n<meta name=\"twitter:card\" content=\"summary_large_image\" \/>\n<meta name=\"twitter:label1\" content=\"Dur\u00e9e de lecture estim\u00e9e\" \/>\n\t<meta name=\"twitter:data1\" content=\"2 minutes\" \/>\n<script type=\"application\/ld+json\" class=\"yoast-schema-graph\">{\"@context\":\"https:\/\/schema.org\",\"@graph\":[{\"@type\":\"WebPage\",\"@id\":\"https:\/\/www.myschoolcockpit.ch\/fr\/myschoolcockpit-reservez-des-maintenant-votre-session-de-formation\/\",\"url\":\"https:\/\/www.myschoolcockpit.ch\/fr\/myschoolcockpit-reservez-des-maintenant-votre-session-de-formation\/\",\"name\":\"Formation - My School Cockpit\",\"isPartOf\":{\"@id\":\"https:\/\/www.myschoolcockpit.ch\/fr\/#website\"},\"datePublished\":\"2022-07-13T09:52:40+00:00\",\"dateModified\":\"2023-08-09T09:22:18+00:00\",\"description\":\"Devenez un professionnel de mySchoolCockpit ! R\u00e9servez d\u00e8s maintenant votre session de formation et d\u00e9couvrez plus en d\u00e9tail comment mySchoolCockpit peut aider votre \u00e9cole.\",\"breadcrumb\":{\"@id\":\"https:\/\/www.myschoolcockpit.ch\/fr\/myschoolcockpit-reservez-des-maintenant-votre-session-de-formation\/#breadcrumb\"},\"inLanguage\":\"fr-FR\",\"potentialAction\":[{\"@type\":\"ReadAction\",\"target\":[\"https:\/\/www.myschoolcockpit.ch\/fr\/myschoolcockpit-reservez-des-maintenant-votre-session-de-formation\/\"]}]},{\"@type\":\"BreadcrumbList\",\"@id\":\"https:\/\/www.myschoolcockpit.ch\/fr\/myschoolcockpit-reservez-des-maintenant-votre-session-de-formation\/#breadcrumb\",\"itemListElement\":[{\"@type\":\"ListItem\",\"position\":1,\"name\":\"Startseite\",\"item\":\"https:\/\/www.myschoolcockpit.ch\/fr\/\"},{\"@type\":\"ListItem\",\"position\":2,\"name\":\"Formation\"}]},{\"@type\":\"WebSite\",\"@id\":\"https:\/\/www.myschoolcockpit.ch\/fr\/#website\",\"url\":\"https:\/\/www.myschoolcockpit.ch\/fr\/\",\"name\":\"My School Cockpit\",\"description\":\"Die webbasierte Schweizer Unterrichts- und Kommunikationsplatform\",\"publisher\":{\"@id\":\"https:\/\/www.myschoolcockpit.ch\/fr\/#organization\"},\"potentialAction\":[{\"@type\":\"SearchAction\",\"target\":{\"@type\":\"EntryPoint\",\"urlTemplate\":\"https:\/\/www.myschoolcockpit.ch\/fr\/?s={search_term_string}\"},\"query-input\":\"required name=search_term_string\"}],\"inLanguage\":\"fr-FR\"},{\"@type\":\"Organization\",\"@id\":\"https:\/\/www.myschoolcockpit.ch\/fr\/#organization\",\"name\":\"My School Cockpit\",\"url\":\"https:\/\/www.myschoolcockpit.ch\/fr\/\",\"sameAs\":[],\"logo\":{\"@type\":\"ImageObject\",\"inLanguage\":\"fr-FR\",\"@id\":\"https:\/\/www.myschoolcockpit.ch\/fr\/#\/schema\/logo\/image\/\",\"url\":\"https:\/\/www.myschoolcockpit.ch\/fr\/wp-content\/uploads\/sites\/3\/2022\/07\/Logo_mSC_header.svg\",\"contentUrl\":\"https:\/\/www.myschoolcockpit.ch\/fr\/wp-content\/uploads\/sites\/3\/2022\/07\/Logo_mSC_header.svg\",\"caption\":\"My School Cockpit\"},\"image\":{\"@id\":\"https:\/\/www.myschoolcockpit.ch\/fr\/#\/schema\/logo\/image\/\"}}]}<\/script>\n<!-- \/ Yoast SEO plugin. -->","yoast_head_json":{"title":"Formation - My School Cockpit","description":"Devenez un professionnel de mySchoolCockpit ! R\u00e9servez d\u00e8s maintenant votre session de formation et d\u00e9couvrez plus en d\u00e9tail comment mySchoolCockpit peut aider votre \u00e9cole.","robots":{"index":"index","follow":"follow","max-snippet":"max-snippet:-1","max-image-preview":"max-image-preview:large","max-video-preview":"max-video-preview:-1"},"canonical":"https:\/\/www.myschoolcockpit.ch\/fr\/myschoolcockpit-reservez-des-maintenant-votre-session-de-formation\/","og_locale":"fr_FR","og_type":"article","og_title":"Formation - My School Cockpit","og_description":"Devenez un professionnel de mySchoolCockpit ! R\u00e9servez d\u00e8s maintenant votre session de formation et d\u00e9couvrez plus en d\u00e9tail comment mySchoolCockpit peut aider votre \u00e9cole.","og_url":"https:\/\/www.myschoolcockpit.ch\/fr\/myschoolcockpit-reservez-des-maintenant-votre-session-de-formation\/","og_site_name":"My School Cockpit","article_modified_time":"2023-08-09T09:22:18+00:00","og_image":[{"url":"https:\/\/www.myschoolcockpit.ch\/fr\/wp-content\/uploads\/sites\/3\/2022\/08\/schulung_header.jpg"}],"twitter_card":"summary_large_image","twitter_misc":{"Dur\u00e9e de lecture estim\u00e9e":"2 minutes"},"schema":{"@context":"https:\/\/schema.org","@graph":[{"@type":"WebPage","@id":"https:\/\/www.myschoolcockpit.ch\/fr\/myschoolcockpit-reservez-des-maintenant-votre-session-de-formation\/","url":"https:\/\/www.myschoolcockpit.ch\/fr\/myschoolcockpit-reservez-des-maintenant-votre-session-de-formation\/","name":"Formation - My School Cockpit","isPartOf":{"@id":"https:\/\/www.myschoolcockpit.ch\/fr\/#website"},"datePublished":"2022-07-13T09:52:40+00:00","dateModified":"2023-08-09T09:22:18+00:00","description":"Devenez un professionnel de mySchoolCockpit ! R\u00e9servez d\u00e8s maintenant votre session de formation et d\u00e9couvrez plus en d\u00e9tail comment mySchoolCockpit peut aider votre \u00e9cole.","breadcrumb":{"@id":"https:\/\/www.myschoolcockpit.ch\/fr\/myschoolcockpit-reservez-des-maintenant-votre-session-de-formation\/#breadcrumb"},"inLanguage":"fr-FR","potentialAction":[{"@type":"ReadAction","target":["https:\/\/www.myschoolcockpit.ch\/fr\/myschoolcockpit-reservez-des-maintenant-votre-session-de-formation\/"]}]},{"@type":"BreadcrumbList","@id":"https:\/\/www.myschoolcockpit.ch\/fr\/myschoolcockpit-reservez-des-maintenant-votre-session-de-formation\/#breadcrumb","itemListElement":[{"@type":"ListItem","position":1,"name":"Startseite","item":"https:\/\/www.myschoolcockpit.ch\/fr\/"},{"@type":"ListItem","position":2,"name":"Formation"}]},{"@type":"WebSite","@id":"https:\/\/www.myschoolcockpit.ch\/fr\/#website","url":"https:\/\/www.myschoolcockpit.ch\/fr\/","name":"My School Cockpit","description":"Die webbasierte Schweizer Unterrichts- und Kommunikationsplatform","publisher":{"@id":"https:\/\/www.myschoolcockpit.ch\/fr\/#organization"},"potentialAction":[{"@type":"SearchAction","target":{"@type":"EntryPoint","urlTemplate":"https:\/\/www.myschoolcockpit.ch\/fr\/?s={search_term_string}"},"query-input":"required name=search_term_string"}],"inLanguage":"fr-FR"},{"@type":"Organization","@id":"https:\/\/www.myschoolcockpit.ch\/fr\/#organization","name":"My School Cockpit","url":"https:\/\/www.myschoolcockpit.ch\/fr\/","sameAs":[],"logo":{"@type":"ImageObject","inLanguage":"fr-FR","@id":"https:\/\/www.myschoolcockpit.ch\/fr\/#\/schema\/logo\/image\/","url":"https:\/\/www.myschoolcockpit.ch\/fr\/wp-content\/uploads\/sites\/3\/2022\/07\/Logo_mSC_header.svg","contentUrl":"https:\/\/www.myschoolcockpit.ch\/fr\/wp-content\/uploads\/sites\/3\/2022\/07\/Logo_mSC_header.svg","caption":"My School Cockpit"},"image":{"@id":"https:\/\/www.myschoolcockpit.ch\/fr\/#\/schema\/logo\/image\/"}}]}},"_links":{"self":[{"href":"https:\/\/www.myschoolcockpit.ch\/fr\/wp-json\/wp\/v2\/pages\/39","targetHints":{"allow":["GET"]}}],"collection":[{"href":"https:\/\/www.myschoolcockpit.ch\/fr\/wp-json\/wp\/v2\/pages"}],"about":[{"href":"https:\/\/www.myschoolcockpit.ch\/fr\/wp-json\/wp\/v2\/types\/page"}],"author":[{"embeddable":true,"href":"https:\/\/www.myschoolcockpit.ch\/fr\/wp-json\/wp\/v2\/users\/1"}],"replies":[{"embeddable":true,"href":"https:\/\/www.myschoolcockpit.ch\/fr\/wp-json\/wp\/v2\/comments?post=39"}],"version-history":[{"count":36,"href":"https:\/\/www.myschoolcockpit.ch\/fr\/wp-json\/wp\/v2\/pages\/39\/revisions"}],"predecessor-version":[{"id":1407,"href":"https:\/\/www.myschoolcockpit.ch\/fr\/wp-json\/wp\/v2\/pages\/39\/revisions\/1407"}],"wp:attachment":[{"href":"https:\/\/www.myschoolcockpit.ch\/fr\/wp-json\/wp\/v2\/media?parent=39"}],"curies":[{"name":"wp","href":"https:\/\/api.w.org\/{rel}","templated":true}]}}