{"id":410,"date":"2022-08-04T14:05:43","date_gmt":"2022-08-04T14:05:43","guid":{"rendered":"https:\/\/update.myschoolcockpit.ch\/?page_id=410"},"modified":"2023-01-09T08:35:25","modified_gmt":"2023-01-09T08:35:25","slug":"myschoolcockpit-nos-mentions-legales","status":"publish","type":"page","link":"https:\/\/www.myschoolcockpit.ch\/fr\/myschoolcockpit-nos-mentions-legales\/","title":{"rendered":"Men\u00adtions l\u00e9gales"},"content":{"rendered":"\n<div style=\"height:300px\" aria-hidden=\"true\" class=\"wp-block-spacer\"><\/div>\n\n\n\n<h1 class=\"wp-block-heading\">Men\u00adtions l\u00e9gales<\/h1>\n\n\n\n<div style=\"height:30px\" aria-hidden=\"true\" class=\"wp-block-spacer\"><\/div>\n\n\n\n<p><strong>La ver\u00adsion alle\u00admande fait foi<\/strong>.<\/p>\n\n\n\n<p><\/p>\n\n\n\n<h5 class=\"has-text-align-left wp-block-heading\">Verant\u00adwort\u00adlich f\u00fcr den Inhalt der Seiten<\/h5>\n\n\n\n<p>Hun\u00adzi\u00adker AG Thal\u00adwil<br>Tischen\u00adloos\u00adtrasse &nbsp;75<br>Post\u00adfach 280<br>8800&nbsp;Thal\u00adwil<br>Tel.&nbsp; +41 44 722 81 11<br><a href=\"mailto:info@hunziker-thalwil.ch\">info@hunziker-thalwil.ch<\/a><\/p>\n\n\n\n<div style=\"height:30px\" aria-hidden=\"true\" class=\"wp-block-spacer\"><\/div>\n\n\n\n<h5 class=\"wp-block-heading\"><strong>Ges\u00adch\u00e4fts\u00adlei\u00adtung<\/strong><\/h5>\n\n\n\n<p>Tho\u00admas Hun\u00adzi\u00adker, Vor\u00adsitz,&nbsp;Tech\u00adnik + Ver\u00adtrieb<br>Chris\u00adtoph Hun\u00adzi\u00adker, Infor\u00adma\u00adtik + Orga\u00adni\u00adsa\u00adtion<br>Nicole Gie\u00adzen\u00addan\u00adner-Hun\u00adzi\u00adker, Finan\u00adzen + Personal<\/p>\n\n\n\n<p>Han\u00addels\u00adre\u00adgis\u00adter: CH-020.3.912.274\u20134<br>UID: CHE-105.930.970<br>MWST-Nr. CHE-105.930.970 MWST<br>ZAZ-Kon\u00adto: 3148\u20130<\/p>\n\n\n\n<p><small><strong>Copy\u00adright<\/strong><\/small><br><small>Das Copy\u00adright f\u00fcr s\u00e4mt\u00adliche Inhalte die\u00adser Web\u00adsite liegt bei Hun\u00adzi\u00adker AG Thalwil.<\/small><\/p>\n\n\n\n<p><small><strong>Dis\u00adclai\u00admer<\/strong><\/small><br><br><small><strong>1. Grund\u00ads\u00e4tz\u00adliches<\/strong><br>Die Auto\u00adren die\u00adser Home\u00adpage \u00fcber\u00adneh\u00admen kei\u00adner\u00adlei Gew\u00e4hr f\u00fcr Rich\u00adtig\u00adkeit, Aktua\u00adlit\u00e4t, Voll\u00adst\u00e4n\u00addig\u00adkeit der bereit\u00adges\u00adtell\u00adten Infor\u00adma\u00adtio\u00adnen. Personen\u2011, Sach- und Verm\u00f6\u00adgen\u00adshaf\u00adtungs\u00adans\u00adpr\u00fcche auf\u00adgrund feh\u00adler- oder l\u00fccken\u00adhaf\u00adter Infor\u00adma\u00adtio\u00adnen sind gegen\u00fc\u00adber den Inha\u00adbern die\u00adser Seite aus\u00adges\u00adchlos\u00adsen. Allf\u00e4l\u00adlige Ange\u00adbote sind frei\u00adblei\u00adbend und unverbindlich.<\/small><\/p>\n\n\n\n<p><small><strong>2. Ver\u00adweise und Links<\/strong><br>Zum Zeit\u00adpunkt der Link\u00adset\u00adzung waren auf den ver\u00adlink\u00adten Sei\u00adten keine Inhalte zu erken\u00adnen, die gegen gel\u00adtende Gesetze vers\u00adties\u00adsen oder als ille\u00adgal ein\u00adzus\u00adtu\u00adfen w\u00e4ren. Nach der Link\u00adset\u00adzung ver\u00e4n\u00adderte Sei\u00adten ent\u00adzie\u00adhen sich dem Ein\u00adfluss der Inha\u00adber die\u00adser Home\u00adpage und es wird aus\u00addr\u00fc\u00adck\u00adlich keine Haf\u00adtung f\u00fcr diese gege\u00adbe\u00adnen\u00adfalls nach\u00adtr\u00e4\u00adglich ver\u00e4n\u00adder\u00adten Link\u00adsei\u00adten und deren Unter\u00adsei\u00adten \u00fcber\u00adnom\u00admen. Ein\u00adtra\u00adgun\u00adgen in G\u00e4s\u00adteb\u00fc\u00adcher, die gegen die guten Sit\u00adten vers\u00adtos\u00adsen oder ille\u00adga\u00adlen Cha\u00adrak\u00adter haben, wer\u00adden nach Kennt\u00adnis sofort gel\u00f6scht.&nbsp;<\/small><\/p>\n\n\n\n<p><small><strong>3. Daten\u00adschutz<\/strong><br>Es ist nicht ges\u00adtat\u00adtet, die im Impres\u00adsum, Kon\u00adtakt\u00adfor\u00admu\u00adlar oder an ande\u00adrer Stelle frei\u00adwillig oder auf\u00adgrund gesetz\u00adli\u00adcher Vor\u00adschrif\u00adten ange\u00adge\u00adben Kon\u00adtakt\u00adda\u00adten (ins\u00adbe\u00adson\u00addere Pos\u00adtan\u00adschrift, Tele\u00adfon- oder Fax-Num\u00admer, eMai\u00adla\u00addres\u00adsen) zu Spamz\u00adwe\u00adcken zu nut\u00adzen oder in sons\u00adti\u00adger Weise dazu zu nut\u00adzen, unver\u00adlangte Infor\u00adma\u00adtio\u00adnen zu \u00fcber\u00adsen\u00adden. Die Ein\u00adgabe von eMai\u00adla\u00addres\u00adsen oder \u00e4hn\u00adli\u00adchen Kon\u00adtakt\u00adda\u00adten in Kon\u00adtakt\u00adfor\u00admu\u00adla\u00adren erfolgt frei\u00adwillig. Die Inha\u00adber die\u00adser Home\u00adpage garan\u00adtie\u00adren aus\u00addr\u00fc\u00adck\u00adlich, dass alle ihnen zuge\u00adgan\u00adge\u00adnen Daten, bei\u00adspiels\u00adweise aus eMail\u00fc\u00adber\u00admit\u00adtlun\u00adgen, per Post oder FAX ver\u00adtrau\u00adlich behan\u00addelt und nicht an Dritte wei\u00adter\u00adge\u00adge\u00adben wer\u00adden. Aus\u00adnahme: Per\u00adso\u00adnen\u00adbe\u00adzo\u00adgene Daten wer\u00adden nur dann Drit\u00adten mit\u00adge\u00adteilt, wenn es sich um Part\u00adner han\u00addelt, die bei der Leis\u00adtungs\u00ader\u00adbrin\u00adgung behil\u00adflich&nbsp;sind.&nbsp;<\/small><\/p>\n\n\n\n<p><small><strong>4. Keine Bera\u00adtung<\/strong><br>Die bereit\u00adges\u00adtell\u00adten Infor\u00adma\u00adtio\u00adnen stel\u00adlen trotz sorgf\u00e4l\u00adti\u00adger Recherche und Bear\u00adbei\u00adtung nur unver\u00adbind\u00adliche Auf\u00adfas\u00adsun\u00adgen und Bes\u00adchrei\u00adbun\u00adgen dar und bedeu\u00adten keine Bera\u00adtung, weder in steuer\u00adli\u00adcher, recht\u00adli\u00adcher oder sons\u00adti\u00adger Hin\u00adsicht. Zitierte Geset\u00adzes\u00adtexte, amt\u00adliche Vor\u00adschrif\u00adten, Verord\u00adnun\u00adgen und \u00e4hn\u00adliche Publi\u00adka\u00adtio\u00adnen k\u00f6n\u00adnen bereits \u00fcbe\u00adrholt sein bzw. nicht mehr der aktuel\u00adlen Rechts\u00adlage ents\u00adpre\u00adchen, wer\u00adden jedoch nach Kennt\u00adnis dem aktuel\u00adlen Stand ange\u00adpasst. Diese Aus\u00adsage gilt f\u00fcr bereit\u00adges\u00adtellte Infor\u00adma\u00adtio\u00adnen jegli\u00adcher&nbsp;Art.&nbsp;<\/small><\/p>\n\n\n\n<p><small><strong>5. Rechte Drit\u00adter<\/strong><br>Die Rechte Drit\u00adter, der in die\u00adser Inter\u00adnet\u00adpr\u00e4\u00adsenz genann\u00adten Mar\u00adken\u00adna\u00admen, Waren\u00adzei\u00adchen oder Wort\u00admar\u00adken sind wir stets bes\u00adtrebt zu wah\u00adren. Eine Nen\u00adnung oder Abbil\u00addung dient ledi\u00adglich der lexi\u00adka\u00adli\u00adschen Erl\u00e4u\u00adte\u00adrung und Ver\u00addeut\u00adli\u00adchung. Sollte gegen ein Zei\u00adchen- oder Mar\u00adken\u00adrecht trotz aller Sorg\u00adfalt vers\u00adtos\u00adsen wor\u00adden sein, so gen\u00fcgt zur Kl\u00e4\u00adrung eine kurze Mail an info@hunziker-thalwil.ch<\/small><\/p>\n\n\n\n<p><small><strong>6. Nut\u00adzung von Inhal\u00adten die\u00adser Home\u00adpage<\/strong><br>Es ist beab\u00adsich\u00adtigt diese Sei\u00adten nach und nach mit Infor\u00adma\u00adtio\u00adnen von spe\u00adziel\u00adlem oder all\u00adge\u00admei\u00adnem Inter\u00adesse zu ver\u00advoll\u00adst\u00e4n\u00addi\u00adgen. Die Aus\u00adwahl der Inhalte erfolgt rein willk\u00fcr\u00adlich, soll\u00adten aber ein Min\u00addest\u00admass an all\u00adge\u00admei\u00adnem oder spe\u00adziel\u00adlem Inter\u00adesse ver\u00adfol\u00adgen. Hin\u00adweise, Links oder Mit\u00adtei\u00adlun\u00adgen die auf die\u00adsen Sei\u00adten publi\u00adziert wer\u00adden und vom Inha\u00adber der Urhe\u00adber\u00adrechte nicht gew\u00fcn\u00adscht wer\u00adden, k\u00f6n\u00adnen durch eine kurze Mit\u00adtei\u00adlung an den Web\u00admas\u00adter ent\u00adfernt wer\u00adden. Umge\u00adkehrt wird aber auch darauf hin\u00adge\u00adwie\u00adsen, dass Publ\u00adka\u00adtio\u00adnen, Links oder sons\u00adtige Mit\u00adtei\u00adlun\u00adgen frei\u00adwillig, kos\u00adten- und zwan\u00adglos erfol\u00adgen. Eine Verp\u00adflich\u00adtung zur Publi\u00adka\u00adtion oder Frei\u00adschal\u00adtung bes\u00adteht nicht. Ver\u00advielf\u00e4l\u00adti\u00adgung einer, meh\u00adre\u00adrer oder aller Sei\u00adten des Inter\u00adne\u00adtauf\u00adtritts bedarf der vorhe\u00adri\u00adgen schrift\u00adli\u00adchen Geneh\u00admi\u00adgung<\/small>.<\/p>\n","protected":false},"excerpt":{"rendered":"<p>Men\u00adtions l\u00e9gales La ver\u00adsion alle\u00admande fait foi. Verant\u00adwort\u00adlich f\u00fcr den Inhalt der Sei\u00adten Hun\u00adzi\u00adker AG Thal\u00adwilTischen\u00adloos\u00adtrasse &nbsp;75Post\u00adfach 2808800&nbsp;Thal\u00adwilTel.&nbsp; +41 44 722 81 11info@hunziker-thalwil.ch Ges\u00adch\u00e4fts\u00adlei\u00adtung Tho\u00admas Hun\u00adzi\u00adker, Vor\u00adsitz,&nbsp;Tech\u00adnik + Ver\u00adtriebChris\u00adtoph Hun\u00adzi\u00adker, Infor\u00adma\u00adtik + Orga\u00adni\u00adsa\u00adtionNicole Gie\u00ad\u00adzen\u00ad\u00addan\u00ad\u00adner-Hun\u00ad\u00adzi\u00ad\u00adker, Finan\u00adzen + Per\u00adso\u00adnal Han\u00addels\u00adre\u00adgis\u00adter: CH-020.3.912.274\u20134UID: CHE-105.930.970MWST-Nr. CHE-105.930.970 MWST\u00adZAZ-Kon\u00ad\u00adto: 3148\u20130 Copy\u00adrightDas Copy\u00adright f\u00fcr s\u00e4mt\u00adliche Inhalte die\u00adser Web\u00adsite liegt bei Hun\u00adzi\u00adker AG Thalwil.&nbsp;[\u2026]<\/p>\n","protected":false},"author":1,"featured_media":0,"parent":0,"menu_order":101,"comment_status":"closed","ping_status":"closed","template":"wp-custom-template-standardseite-my-school-cockpit","meta":{"wp_typography_post_enhancements_disabled":false,"footnotes":""},"class_list":["post-410","page","type-page","status-publish","hentry"],"yoast_head":"<!-- This site is optimized with the Yoast SEO plugin v19.7.1 - https:\/\/yoast.com\/wordpress\/plugins\/seo\/ -->\n<title>Mentions l\u00e9gales - My School Cockpit<\/title>\n<meta name=\"description\" content=\"Ces mentions l\u00e9gales vous offrent plus d&#039;informations sur les responsables du contenu de ce site et sur les modalit\u00e9s de prise de contact avec nous.\" \/>\n<meta name=\"robots\" content=\"index, follow, max-snippet:-1, max-image-preview:large, max-video-preview:-1\" \/>\n<link rel=\"canonical\" href=\"https:\/\/www.myschoolcockpit.ch\/fr\/myschoolcockpit-nos-mentions-legales\/\" \/>\n<meta property=\"og:locale\" content=\"fr_FR\" \/>\n<meta property=\"og:type\" content=\"article\" \/>\n<meta property=\"og:title\" content=\"Mentions l\u00e9gales - My School Cockpit\" \/>\n<meta property=\"og:description\" content=\"Ces mentions l\u00e9gales vous offrent plus d&#039;informations sur les responsables du contenu de ce site et sur les modalit\u00e9s de prise de contact avec nous.\" \/>\n<meta property=\"og:url\" content=\"https:\/\/www.myschoolcockpit.ch\/fr\/myschoolcockpit-nos-mentions-legales\/\" \/>\n<meta property=\"og:site_name\" content=\"My School Cockpit\" \/>\n<meta property=\"article:modified_time\" content=\"2023-01-09T08:35:25+00:00\" \/>\n<meta name=\"twitter:card\" content=\"summary_large_image\" \/>\n<meta name=\"twitter:label1\" content=\"Dur\u00e9e de lecture estim\u00e9e\" \/>\n\t<meta name=\"twitter:data1\" content=\"3 minutes\" \/>\n<script type=\"application\/ld+json\" class=\"yoast-schema-graph\">{\"@context\":\"https:\/\/schema.org\",\"@graph\":[{\"@type\":\"WebPage\",\"@id\":\"https:\/\/www.myschoolcockpit.ch\/fr\/myschoolcockpit-nos-mentions-legales\/\",\"url\":\"https:\/\/www.myschoolcockpit.ch\/fr\/myschoolcockpit-nos-mentions-legales\/\",\"name\":\"Mentions l\u00e9gales - My School Cockpit\",\"isPartOf\":{\"@id\":\"https:\/\/www.myschoolcockpit.ch\/fr\/#website\"},\"datePublished\":\"2022-08-04T14:05:43+00:00\",\"dateModified\":\"2023-01-09T08:35:25+00:00\",\"description\":\"Ces mentions l\u00e9gales vous offrent plus d'informations sur les responsables du contenu de ce site et sur les modalit\u00e9s de prise de contact avec nous.\",\"breadcrumb\":{\"@id\":\"https:\/\/www.myschoolcockpit.ch\/fr\/myschoolcockpit-nos-mentions-legales\/#breadcrumb\"},\"inLanguage\":\"fr-FR\",\"potentialAction\":[{\"@type\":\"ReadAction\",\"target\":[\"https:\/\/www.myschoolcockpit.ch\/fr\/myschoolcockpit-nos-mentions-legales\/\"]}]},{\"@type\":\"BreadcrumbList\",\"@id\":\"https:\/\/www.myschoolcockpit.ch\/fr\/myschoolcockpit-nos-mentions-legales\/#breadcrumb\",\"itemListElement\":[{\"@type\":\"ListItem\",\"position\":1,\"name\":\"Startseite\",\"item\":\"https:\/\/www.myschoolcockpit.ch\/fr\/\"},{\"@type\":\"ListItem\",\"position\":2,\"name\":\"Mentions l\u00e9gales\"}]},{\"@type\":\"WebSite\",\"@id\":\"https:\/\/www.myschoolcockpit.ch\/fr\/#website\",\"url\":\"https:\/\/www.myschoolcockpit.ch\/fr\/\",\"name\":\"My School Cockpit\",\"description\":\"Die webbasierte Schweizer Unterrichts- und Kommunikationsplatform\",\"publisher\":{\"@id\":\"https:\/\/www.myschoolcockpit.ch\/fr\/#organization\"},\"potentialAction\":[{\"@type\":\"SearchAction\",\"target\":{\"@type\":\"EntryPoint\",\"urlTemplate\":\"https:\/\/www.myschoolcockpit.ch\/fr\/?s={search_term_string}\"},\"query-input\":\"required name=search_term_string\"}],\"inLanguage\":\"fr-FR\"},{\"@type\":\"Organization\",\"@id\":\"https:\/\/www.myschoolcockpit.ch\/fr\/#organization\",\"name\":\"My School Cockpit\",\"url\":\"https:\/\/www.myschoolcockpit.ch\/fr\/\",\"sameAs\":[],\"logo\":{\"@type\":\"ImageObject\",\"inLanguage\":\"fr-FR\",\"@id\":\"https:\/\/www.myschoolcockpit.ch\/fr\/#\/schema\/logo\/image\/\",\"url\":\"https:\/\/www.myschoolcockpit.ch\/fr\/wp-content\/uploads\/sites\/3\/2022\/07\/Logo_mSC_header.svg\",\"contentUrl\":\"https:\/\/www.myschoolcockpit.ch\/fr\/wp-content\/uploads\/sites\/3\/2022\/07\/Logo_mSC_header.svg\",\"caption\":\"My School Cockpit\"},\"image\":{\"@id\":\"https:\/\/www.myschoolcockpit.ch\/fr\/#\/schema\/logo\/image\/\"}}]}<\/script>\n<!-- \/ Yoast SEO plugin. -->","yoast_head_json":{"title":"Mentions l\u00e9gales - My School Cockpit","description":"Ces mentions l\u00e9gales vous offrent plus d'informations sur les responsables du contenu de ce site et sur les modalit\u00e9s de prise de contact avec nous.","robots":{"index":"index","follow":"follow","max-snippet":"max-snippet:-1","max-image-preview":"max-image-preview:large","max-video-preview":"max-video-preview:-1"},"canonical":"https:\/\/www.myschoolcockpit.ch\/fr\/myschoolcockpit-nos-mentions-legales\/","og_locale":"fr_FR","og_type":"article","og_title":"Mentions l\u00e9gales - My School Cockpit","og_description":"Ces mentions l\u00e9gales vous offrent plus d'informations sur les responsables du contenu de ce site et sur les modalit\u00e9s de prise de contact avec nous.","og_url":"https:\/\/www.myschoolcockpit.ch\/fr\/myschoolcockpit-nos-mentions-legales\/","og_site_name":"My School Cockpit","article_modified_time":"2023-01-09T08:35:25+00:00","twitter_card":"summary_large_image","twitter_misc":{"Dur\u00e9e de lecture estim\u00e9e":"3 minutes"},"schema":{"@context":"https:\/\/schema.org","@graph":[{"@type":"WebPage","@id":"https:\/\/www.myschoolcockpit.ch\/fr\/myschoolcockpit-nos-mentions-legales\/","url":"https:\/\/www.myschoolcockpit.ch\/fr\/myschoolcockpit-nos-mentions-legales\/","name":"Mentions l\u00e9gales - My School Cockpit","isPartOf":{"@id":"https:\/\/www.myschoolcockpit.ch\/fr\/#website"},"datePublished":"2022-08-04T14:05:43+00:00","dateModified":"2023-01-09T08:35:25+00:00","description":"Ces mentions l\u00e9gales vous offrent plus d'informations sur les responsables du contenu de ce site et sur les modalit\u00e9s de prise de contact avec nous.","breadcrumb":{"@id":"https:\/\/www.myschoolcockpit.ch\/fr\/myschoolcockpit-nos-mentions-legales\/#breadcrumb"},"inLanguage":"fr-FR","potentialAction":[{"@type":"ReadAction","target":["https:\/\/www.myschoolcockpit.ch\/fr\/myschoolcockpit-nos-mentions-legales\/"]}]},{"@type":"BreadcrumbList","@id":"https:\/\/www.myschoolcockpit.ch\/fr\/myschoolcockpit-nos-mentions-legales\/#breadcrumb","itemListElement":[{"@type":"ListItem","position":1,"name":"Startseite","item":"https:\/\/www.myschoolcockpit.ch\/fr\/"},{"@type":"ListItem","position":2,"name":"Mentions l\u00e9gales"}]},{"@type":"WebSite","@id":"https:\/\/www.myschoolcockpit.ch\/fr\/#website","url":"https:\/\/www.myschoolcockpit.ch\/fr\/","name":"My School Cockpit","description":"Die webbasierte Schweizer Unterrichts- und Kommunikationsplatform","publisher":{"@id":"https:\/\/www.myschoolcockpit.ch\/fr\/#organization"},"potentialAction":[{"@type":"SearchAction","target":{"@type":"EntryPoint","urlTemplate":"https:\/\/www.myschoolcockpit.ch\/fr\/?s={search_term_string}"},"query-input":"required name=search_term_string"}],"inLanguage":"fr-FR"},{"@type":"Organization","@id":"https:\/\/www.myschoolcockpit.ch\/fr\/#organization","name":"My School Cockpit","url":"https:\/\/www.myschoolcockpit.ch\/fr\/","sameAs":[],"logo":{"@type":"ImageObject","inLanguage":"fr-FR","@id":"https:\/\/www.myschoolcockpit.ch\/fr\/#\/schema\/logo\/image\/","url":"https:\/\/www.myschoolcockpit.ch\/fr\/wp-content\/uploads\/sites\/3\/2022\/07\/Logo_mSC_header.svg","contentUrl":"https:\/\/www.myschoolcockpit.ch\/fr\/wp-content\/uploads\/sites\/3\/2022\/07\/Logo_mSC_header.svg","caption":"My School Cockpit"},"image":{"@id":"https:\/\/www.myschoolcockpit.ch\/fr\/#\/schema\/logo\/image\/"}}]}},"_links":{"self":[{"href":"https:\/\/www.myschoolcockpit.ch\/fr\/wp-json\/wp\/v2\/pages\/410","targetHints":{"allow":["GET"]}}],"collection":[{"href":"https:\/\/www.myschoolcockpit.ch\/fr\/wp-json\/wp\/v2\/pages"}],"about":[{"href":"https:\/\/www.myschoolcockpit.ch\/fr\/wp-json\/wp\/v2\/types\/page"}],"author":[{"embeddable":true,"href":"https:\/\/www.myschoolcockpit.ch\/fr\/wp-json\/wp\/v2\/users\/1"}],"replies":[{"embeddable":true,"href":"https:\/\/www.myschoolcockpit.ch\/fr\/wp-json\/wp\/v2\/comments?post=410"}],"version-history":[{"count":10,"href":"https:\/\/www.myschoolcockpit.ch\/fr\/wp-json\/wp\/v2\/pages\/410\/revisions"}],"predecessor-version":[{"id":1378,"href":"https:\/\/www.myschoolcockpit.ch\/fr\/wp-json\/wp\/v2\/pages\/410\/revisions\/1378"}],"wp:attachment":[{"href":"https:\/\/www.myschoolcockpit.ch\/fr\/wp-json\/wp\/v2\/media?parent=410"}],"curies":[{"name":"wp","href":"https:\/\/api.w.org\/{rel}","templated":true}]}}