{"id":727,"date":"2022-08-18T13:08:25","date_gmt":"2022-08-18T13:08:25","guid":{"rendered":"https:\/\/update.myschoolcockpit.ch\/?page_id=727"},"modified":"2024-01-25T08:39:18","modified_gmt":"2024-01-25T08:39:18","slug":"myschool-connect-connecte-les-appareils-existants-au-reseau","status":"publish","type":"page","link":"https:\/\/www.myschoolcockpit.ch\/fr\/myschoolcockpit-nos-modules-du-produit\/myschool-connect-connecte-les-appareils-existants-au-reseau\/","title":{"rendered":"mySchool Connect"},"content":{"rendered":"\n<div class=\"wp-block-nk-awb nk-awb alignfull nk-awb-fullheight nk-awb-content-valign-top\"><div class=\"nk-awb-wrap\" data-awb-type=\"image\" data-awb-image-background-size=\"contain\" data-awb-image-background-position=\"100% 0%\"><div class=\"nk-awb-inner\"><img loading=\"lazy\" decoding=\"async\" src=\"https:\/\/www.myschoolcockpit.ch\/fr\/wp-content\/uploads\/sites\/3\/2022\/08\/connect_header-1.jpg\" class=\"wp-image-1049 jarallax-img\" alt=\"Repr\u00e9sentation symbolique d'un r\u00e9seau informatique\" width=\"1420\" height=\"1440\" srcset=\"https:\/\/www.myschoolcockpit.ch\/fr\/wp-content\/uploads\/sites\/3\/2022\/08\/connect_header-1.jpg 1420w, https:\/\/www.myschoolcockpit.ch\/fr\/wp-content\/uploads\/sites\/3\/2022\/08\/connect_header-1-296x300.jpg 296w, https:\/\/www.myschoolcockpit.ch\/fr\/wp-content\/uploads\/sites\/3\/2022\/08\/connect_header-1-1010x1024.jpg 1010w, https:\/\/www.myschoolcockpit.ch\/fr\/wp-content\/uploads\/sites\/3\/2022\/08\/connect_header-1-768x779.jpg 768w, https:\/\/www.myschoolcockpit.ch\/fr\/wp-content\/uploads\/sites\/3\/2022\/08\/connect_header-1-500x507.jpg 500w, https:\/\/www.myschoolcockpit.ch\/fr\/wp-content\/uploads\/sites\/3\/2022\/08\/connect_header-1-800x811.jpg 800w, https:\/\/www.myschoolcockpit.ch\/fr\/wp-content\/uploads\/sites\/3\/2022\/08\/connect_header-1-1280x1298.jpg 1280w\" sizes=\"auto, (max-width: 1420px) 100vw, 1420px\"><\/div><\/div>\n<div class=\"wp-block-group is-layout-constrained wp-container-core-group-is-layout-d3d1918a wp-block-group-is-layout-constrained\">\n<div class=\"wp-block-columns alignwide is-layout-flex wp-container-core-columns-is-layout-28f84493 wp-block-columns-is-layout-flex\">\n<div class=\"wp-block-column leadbox is-layout-flow wp-block-column-is-layout-flow\" style=\"padding-top:35vh\">\n<h1 class=\"wp-block-heading\">mySchool Connect<\/h1>\n\n\n\n<p class=\"lead\">mySchool Connect int\u00e8gre dans le r\u00e9seau et dans notre solu\u00adtion mySchool\u00adCon\u00adtrol les appa\u00adreils num\u00e9\u00adriques d\u00e9j\u00e0 en&nbsp;place.<\/p>\n<\/div>\n\n\n\n<div class=\"wp-block-column is-layout-flow wp-block-column-is-layout-flow\"><\/div>\n<\/div>\n<\/div>\n<\/div>\n\n\n\n<div class=\"wp-block-group alignfull home-abschnitt-2 is-layout-constrained wp-container-core-group-is-layout-c3a76d3a wp-block-group-is-layout-constrained\">\n<div style=\"height:100px\" aria-hidden=\"true\" class=\"wp-block-spacer\"><\/div>\n\n\n\n<div class=\"wp-block-columns is-layout-flex wp-container-core-columns-is-layout-28f84493 wp-block-columns-is-layout-flex\">\n<div class=\"wp-block-column is-layout-flow wp-block-column-is-layout-flow\">\n<figure class=\"wp-block-image size-large animated fadeIn faster delay-500ms\"><img loading=\"lazy\" decoding=\"async\" width=\"1024\" height=\"615\" src=\"https:\/\/www.myschoolcockpit.ch\/fr\/wp-content\/uploads\/sites\/3\/2022\/09\/connect_tablet-1024x615.png\" alt=\"Tablette affiche l'interface utilisateur mySchool Connect\" class=\"wp-image-1112\" srcset=\"https:\/\/www.myschoolcockpit.ch\/fr\/wp-content\/uploads\/sites\/3\/2022\/09\/connect_tablet-1024x615.png 1024w, https:\/\/www.myschoolcockpit.ch\/fr\/wp-content\/uploads\/sites\/3\/2022\/09\/connect_tablet-300x180.png 300w, https:\/\/www.myschoolcockpit.ch\/fr\/wp-content\/uploads\/sites\/3\/2022\/09\/connect_tablet-768x461.png 768w, https:\/\/www.myschoolcockpit.ch\/fr\/wp-content\/uploads\/sites\/3\/2022\/09\/connect_tablet-1536x922.png 1536w, https:\/\/www.myschoolcockpit.ch\/fr\/wp-content\/uploads\/sites\/3\/2022\/09\/connect_tablet-500x300.png 500w, https:\/\/www.myschoolcockpit.ch\/fr\/wp-content\/uploads\/sites\/3\/2022\/09\/connect_tablet-800x480.png 800w, https:\/\/www.myschoolcockpit.ch\/fr\/wp-content\/uploads\/sites\/3\/2022\/09\/connect_tablet-1280x768.png 1280w, https:\/\/www.myschoolcockpit.ch\/fr\/wp-content\/uploads\/sites\/3\/2022\/09\/connect_tablet.png 1686w\" sizes=\"auto, (max-width: 1024px) 100vw, 1024px\"><\/figure>\n<\/div>\n\n\n\n<div class=\"wp-block-column is-layout-flow wp-block-column-is-layout-flow\">\n<h2 class=\"wp-block-heading has-text-align-left\">mySchool Connect en d\u00e9tail<\/h2>\n\n\n\n<p>Votre \u00e9cole dis\u00adpose d\u00e9j\u00e0 de tablettes et d\u2019or\u00addi\u00adna\u00adteurs por\u00adtables ? Vous uti\u00adli\u00adsez d\u00e9j\u00e0 des tableaux et des \u00e9crans inter\u00adac\u00adtifs dans votre ensei\u00adgne\u00adment sco\u00adlaire ? Avec mySchool Connect, nous int\u00e9\u00adgrons les appa\u00adreils num\u00e9\u00adriques d\u00e9j\u00e0 en place dans l\u2019in\u00adfra\u00adstruc\u00adture r\u00e9seau. Nous nous assu\u00adrons ain\u00adsi de la cor\u00adrecte mise en r\u00e9seau des appa\u00adreils et de leur com\u00admu\u00adni\u00adca\u00adtion sans faille. De plus, vous contr\u00f4\u00adlez les acti\u00advi\u00adt\u00e9s des \u00e9l\u00e8ves sur leurs appa\u00adreils et les appli\u00adca\u00adtions qu\u2019ils uti\u00adlisent. De cette mani\u00e8re, vous rem\u00adplis\u00adsez par\u00adfai\u00adte\u00adment votre fonc\u00adtion de sur\u00adveillance num\u00e9\u00adrique. Pour que vos appa\u00adreils num\u00e9\u00adriques puissent \u00eatre int\u00e9\u00adgr\u00e9s dans mySchool Connect, ils doivent \u00eatre com\u00adpa\u00adtibles avec le r\u00e9seau.<\/p>\n<\/div>\n<\/div>\n\n\n\n<div style=\"height:260px\" aria-hidden=\"true\" class=\"wp-block-spacer\"><\/div>\n<\/div>\n\n\n\n<div class=\"wp-block-group alignfull kontaktbox has-background-color has-custom-myschool-verlauf-gradient-background has-text-color has-background is-layout-constrained wp-container-core-group-is-layout-dde5c68c wp-block-group-is-layout-constrained\" style=\"padding-top:0px;padding-right:0px;padding-bottom:0px;padding-left:0px\">\n<div class=\"wp-block-group is-layout-flow wp-block-group-is-layout-flow\">\n<div class=\"wp-block-columns is-layout-flex wp-container-core-columns-is-layout-28f84493 wp-block-columns-is-layout-flex\">\n<div class=\"wp-block-column is-layout-flow wp-block-column-is-layout-flow\" style=\"padding-top:22%;flex-basis:58%\">\n<h2 class=\"wp-block-heading has-background-color has-text-color\">Avez-vous des questions&nbsp;?<\/h2>\n\n\n\n<p class=\"lead has-background-color has-text-color\">Nous vous ren\u00adsei\u00adgnons volon\u00adtiers sur mySchool Cloud et les autres pro\u00adduits de <span class=\"myschoolcockpit\"><span class=\"light\">my<\/span>School\u00adCock\u00adpit<\/span>.<\/p>\n\n\n\n<div class=\"wp-block-buttons is-layout-flex wp-block-buttons-is-layout-flex\">\n<div class=\"wp-block-button\"><a class=\"wp-block-button__link wp-element-button\" href=\"mailto:info@myschoolcockpit.ch\">CONTAC\u00adTEZ-NOUS<\/a><\/div>\n<\/div>\n<\/div>\n\n\n\n<div class=\"wp-block-column is-layout-flow wp-block-column-is-layout-flow\" style=\"padding-top:20px\">\n<figure class=\"wp-block-image size-full\"><img loading=\"lazy\" decoding=\"async\" width=\"932\" height=\"1243\" src=\"https:\/\/www.myschoolcockpit.ch\/fr\/wp-content\/uploads\/sites\/3\/2024\/01\/Hunziker-Studio-Portrait0043-1.png\" alt class=\"wp-image-1429\" srcset=\"https:\/\/www.myschoolcockpit.ch\/fr\/wp-content\/uploads\/sites\/3\/2024\/01\/Hunziker-Studio-Portrait0043-1.png 932w, https:\/\/www.myschoolcockpit.ch\/fr\/wp-content\/uploads\/sites\/3\/2024\/01\/Hunziker-Studio-Portrait0043-1-225x300.png 225w, https:\/\/www.myschoolcockpit.ch\/fr\/wp-content\/uploads\/sites\/3\/2024\/01\/Hunziker-Studio-Portrait0043-1-768x1024.png 768w, https:\/\/www.myschoolcockpit.ch\/fr\/wp-content\/uploads\/sites\/3\/2024\/01\/Hunziker-Studio-Portrait0043-1-500x667.png 500w, https:\/\/www.myschoolcockpit.ch\/fr\/wp-content\/uploads\/sites\/3\/2024\/01\/Hunziker-Studio-Portrait0043-1-800x1067.png 800w\" sizes=\"auto, (max-width: 932px) 100vw, 932px\"><\/figure>\n<\/div>\n<\/div>\n<\/div>\n<\/div>\n\n\n\n<div style=\"height:200px\" aria-hidden=\"true\" class=\"wp-block-spacer\"><\/div>\n\n\n\n<div class=\"wp-block-group alignfull home-abschnitt-2 is-layout-constrained wp-container-core-group-is-layout-c3a76d3a wp-block-group-is-layout-constrained\">\n<div style=\"height:100px\" aria-hidden=\"true\" class=\"wp-block-spacer\"><\/div>\n\n\n\n<div class=\"wp-block-columns is-layout-flex wp-container-core-columns-is-layout-28f84493 wp-block-columns-is-layout-flex\">\n<div class=\"wp-block-column is-layout-flow wp-block-column-is-layout-flow\" style=\"padding-right:100px\">\n<figure class=\"wp-block-image alignleft size-full is-resized is-style-rounded animated fadeInLeft fast delay-obj1\"><img loading=\"lazy\" decoding=\"async\" width=\"600\" height=\"757\" src=\"https:\/\/www.myschoolcockpit.ch\/fr\/wp-content\/uploads\/sites\/3\/2022\/08\/connect_gross.jpg\" alt=\"Repr\u00e9sentation graphique d'un r\u00e9seau informatique\" class=\"wp-image-871\" style=\"width:399px\" srcset=\"https:\/\/www.myschoolcockpit.ch\/fr\/wp-content\/uploads\/sites\/3\/2022\/08\/connect_gross.jpg 600w, https:\/\/www.myschoolcockpit.ch\/fr\/wp-content\/uploads\/sites\/3\/2022\/08\/connect_gross-238x300.jpg 238w, https:\/\/www.myschoolcockpit.ch\/fr\/wp-content\/uploads\/sites\/3\/2022\/08\/connect_gross-500x631.jpg 500w\" sizes=\"auto, (max-width: 600px) 100vw, 600px\"><\/figure>\n\n\n\n<figure class=\"wp-block-image alignright size-full is-resized is-style-rounded bildversatz-300 animated fadeInUp fast delay-obj2\"><img loading=\"lazy\" decoding=\"async\" width=\"532\" height=\"665\" src=\"https:\/\/www.myschoolcockpit.ch\/fr\/wp-content\/uploads\/sites\/3\/2022\/08\/connect_klein.jpg\" alt=\"Une femme travaille sur sa tablette\" class=\"wp-image-870\" style=\"width:300px\" srcset=\"https:\/\/www.myschoolcockpit.ch\/fr\/wp-content\/uploads\/sites\/3\/2022\/08\/connect_klein.jpg 532w, https:\/\/www.myschoolcockpit.ch\/fr\/wp-content\/uploads\/sites\/3\/2022\/08\/connect_klein-240x300.jpg 240w, https:\/\/www.myschoolcockpit.ch\/fr\/wp-content\/uploads\/sites\/3\/2022\/08\/connect_klein-500x625.jpg 500w\" sizes=\"auto, (max-width: 532px) 100vw, 532px\"><\/figure>\n<\/div>\n\n\n\n<div class=\"wp-block-column is-layout-flow wp-block-column-is-layout-flow\">\n<h2 class=\"wp-block-heading has-text-align-left\">mySchool Connect en un coup&nbsp;d\u2019\u0153il<\/h2>\n\n\n\n<ul class=\"wp-block-list\">\n<li>Int\u00e9\u00adgra\u00adtion des appa\u00adreils num\u00e9\u00adriques \u00e0 dis\u00adpo\u00adsi\u00adtion dans le r\u00e9seau d\u00e9j\u00e0 en place et dans <a href=\"https:\/\/www.myschoolcockpit.ch\/fr\/produkt\/myschool-control\/\" target=\"_blank\" rel=\"noreferrer noopener\">mySchool Control<\/a>, y com\u00adpris ser\u00advices de conseil<\/li>\n\n\n\n<li>Uti\u00adli\u00adsa\u00adtion opti\u00admi\u00ads\u00e9e des appa\u00adreils num\u00e9\u00adriques en&nbsp;place<\/li>\n\n\n\n<li>Sou\u00adtien des ensei\u00adgnants dans leur tra\u00advail de sur\u00adveillance num\u00e9rique<\/li>\n<\/ul>\n<\/div>\n<\/div>\n<\/div>\n","protected":false},"excerpt":{"rendered":"<p>mySchool Connect en d\u00e9tail Votre \u00e9cole dis\u00adpose d\u00e9j\u00e0 de tablettes et d\u2019or\u00addi\u00adna\u00adteurs por\u00adtables ? Vous uti\u00adli\u00adsez d\u00e9j\u00e0 des tableaux et des \u00e9crans inter\u00adac\u00adtifs dans votre ensei\u00adgne\u00adment sco\u00adlaire ? Avec mySchool Connect, nous int\u00e9\u00adgrons les appa\u00adreils num\u00e9\u00adriques d\u00e9j\u00e0 en place dans l\u2019in\u00adfra\u00adstruc\u00adture r\u00e9seau. Nous nous assu\u00adrons ain\u00adsi de la cor\u00adrecte mise en r\u00e9seau des appa\u00adreils&nbsp;et&nbsp;[\u2026]<\/p>\n","protected":false},"author":2,"featured_media":0,"parent":33,"menu_order":0,"comment_status":"closed","ping_status":"closed","template":"wp-custom-template-standardseite-my-school-cockpit","meta":{"wp_typography_post_enhancements_disabled":false,"footnotes":""},"class_list":["post-727","page","type-page","status-publish","hentry"],"yoast_head":"<!-- This site is optimized with the Yoast SEO plugin v19.7.1 - https:\/\/yoast.com\/wordpress\/plugins\/seo\/ -->\n<title>mySchool Connect - My School Cockpit<\/title>\n<meta name=\"description\" content=\"MySchool Connect int\u00e8gre les appareils num\u00e9riques d\u00e9j\u00e0 existants dans le r\u00e9seau et dans mySchool Control tout en assurant la surveillance num\u00e9rique.\" \/>\n<meta name=\"robots\" content=\"index, follow, max-snippet:-1, max-image-preview:large, max-video-preview:-1\" \/>\n<link rel=\"canonical\" href=\"https:\/\/www.myschoolcockpit.ch\/fr\/myschoolcockpit-nos-modules-du-produit\/myschool-connect-connecte-les-appareils-existants-au-reseau\/\" \/>\n<meta property=\"og:locale\" content=\"fr_FR\" \/>\n<meta property=\"og:type\" content=\"article\" \/>\n<meta property=\"og:title\" content=\"mySchool Connect - My School Cockpit\" \/>\n<meta property=\"og:description\" content=\"MySchool Connect int\u00e8gre les appareils num\u00e9riques d\u00e9j\u00e0 existants dans le r\u00e9seau et dans mySchool Control tout en assurant la surveillance num\u00e9rique.\" \/>\n<meta property=\"og:url\" content=\"https:\/\/www.myschoolcockpit.ch\/fr\/myschoolcockpit-nos-modules-du-produit\/myschool-connect-connecte-les-appareils-existants-au-reseau\/\" \/>\n<meta property=\"og:site_name\" content=\"My School Cockpit\" \/>\n<meta property=\"article:modified_time\" content=\"2024-01-25T08:39:18+00:00\" \/>\n<meta property=\"og:image\" content=\"https:\/\/www.myschoolcockpit.ch\/fr\/wp-content\/uploads\/sites\/3\/2022\/08\/connect_header-1.jpg\" \/>\n<meta name=\"twitter:card\" content=\"summary_large_image\" \/>\n<meta name=\"twitter:label1\" content=\"Dur\u00e9e de lecture estim\u00e9e\" \/>\n\t<meta name=\"twitter:data1\" content=\"2 minutes\" \/>\n<script type=\"application\/ld+json\" class=\"yoast-schema-graph\">{\"@context\":\"https:\/\/schema.org\",\"@graph\":[{\"@type\":\"WebPage\",\"@id\":\"https:\/\/www.myschoolcockpit.ch\/fr\/myschoolcockpit-nos-modules-du-produit\/myschool-connect-connecte-les-appareils-existants-au-reseau\/\",\"url\":\"https:\/\/www.myschoolcockpit.ch\/fr\/myschoolcockpit-nos-modules-du-produit\/myschool-connect-connecte-les-appareils-existants-au-reseau\/\",\"name\":\"mySchool Connect - My School Cockpit\",\"isPartOf\":{\"@id\":\"https:\/\/www.myschoolcockpit.ch\/fr\/#website\"},\"datePublished\":\"2022-08-18T13:08:25+00:00\",\"dateModified\":\"2024-01-25T08:39:18+00:00\",\"description\":\"MySchool Connect int\u00e8gre les appareils num\u00e9riques d\u00e9j\u00e0 existants dans le r\u00e9seau et dans mySchool Control tout en assurant la surveillance num\u00e9rique.\",\"breadcrumb\":{\"@id\":\"https:\/\/www.myschoolcockpit.ch\/fr\/myschoolcockpit-nos-modules-du-produit\/myschool-connect-connecte-les-appareils-existants-au-reseau\/#breadcrumb\"},\"inLanguage\":\"fr-FR\",\"potentialAction\":[{\"@type\":\"ReadAction\",\"target\":[\"https:\/\/www.myschoolcockpit.ch\/fr\/myschoolcockpit-nos-modules-du-produit\/myschool-connect-connecte-les-appareils-existants-au-reseau\/\"]}]},{\"@type\":\"BreadcrumbList\",\"@id\":\"https:\/\/www.myschoolcockpit.ch\/fr\/myschoolcockpit-nos-modules-du-produit\/myschool-connect-connecte-les-appareils-existants-au-reseau\/#breadcrumb\",\"itemListElement\":[{\"@type\":\"ListItem\",\"position\":1,\"name\":\"Startseite\",\"item\":\"https:\/\/www.myschoolcockpit.ch\/fr\/\"},{\"@type\":\"ListItem\",\"position\":2,\"name\":\"Produit\",\"item\":\"https:\/\/www.myschoolcockpit.ch\/fr\/myschoolcockpit-nos-modules-du-produit\/\"},{\"@type\":\"ListItem\",\"position\":3,\"name\":\"mySchool Connect\"}]},{\"@type\":\"WebSite\",\"@id\":\"https:\/\/www.myschoolcockpit.ch\/fr\/#website\",\"url\":\"https:\/\/www.myschoolcockpit.ch\/fr\/\",\"name\":\"My School Cockpit\",\"description\":\"Die webbasierte Schweizer Unterrichts- und Kommunikationsplatform\",\"publisher\":{\"@id\":\"https:\/\/www.myschoolcockpit.ch\/fr\/#organization\"},\"potentialAction\":[{\"@type\":\"SearchAction\",\"target\":{\"@type\":\"EntryPoint\",\"urlTemplate\":\"https:\/\/www.myschoolcockpit.ch\/fr\/?s={search_term_string}\"},\"query-input\":\"required name=search_term_string\"}],\"inLanguage\":\"fr-FR\"},{\"@type\":\"Organization\",\"@id\":\"https:\/\/www.myschoolcockpit.ch\/fr\/#organization\",\"name\":\"My School Cockpit\",\"url\":\"https:\/\/www.myschoolcockpit.ch\/fr\/\",\"sameAs\":[],\"logo\":{\"@type\":\"ImageObject\",\"inLanguage\":\"fr-FR\",\"@id\":\"https:\/\/www.myschoolcockpit.ch\/fr\/#\/schema\/logo\/image\/\",\"url\":\"https:\/\/www.myschoolcockpit.ch\/fr\/wp-content\/uploads\/sites\/3\/2022\/07\/Logo_mSC_header.svg\",\"contentUrl\":\"https:\/\/www.myschoolcockpit.ch\/fr\/wp-content\/uploads\/sites\/3\/2022\/07\/Logo_mSC_header.svg\",\"caption\":\"My School Cockpit\"},\"image\":{\"@id\":\"https:\/\/www.myschoolcockpit.ch\/fr\/#\/schema\/logo\/image\/\"}}]}<\/script>\n<!-- \/ Yoast SEO plugin. -->","yoast_head_json":{"title":"mySchool Connect - My School Cockpit","description":"MySchool Connect int\u00e8gre les appareils num\u00e9riques d\u00e9j\u00e0 existants dans le r\u00e9seau et dans mySchool Control tout en assurant la surveillance num\u00e9rique.","robots":{"index":"index","follow":"follow","max-snippet":"max-snippet:-1","max-image-preview":"max-image-preview:large","max-video-preview":"max-video-preview:-1"},"canonical":"https:\/\/www.myschoolcockpit.ch\/fr\/myschoolcockpit-nos-modules-du-produit\/myschool-connect-connecte-les-appareils-existants-au-reseau\/","og_locale":"fr_FR","og_type":"article","og_title":"mySchool Connect - My School Cockpit","og_description":"MySchool Connect int\u00e8gre les appareils num\u00e9riques d\u00e9j\u00e0 existants dans le r\u00e9seau et dans mySchool Control tout en assurant la surveillance num\u00e9rique.","og_url":"https:\/\/www.myschoolcockpit.ch\/fr\/myschoolcockpit-nos-modules-du-produit\/myschool-connect-connecte-les-appareils-existants-au-reseau\/","og_site_name":"My School Cockpit","article_modified_time":"2024-01-25T08:39:18+00:00","og_image":[{"url":"https:\/\/www.myschoolcockpit.ch\/fr\/wp-content\/uploads\/sites\/3\/2022\/08\/connect_header-1.jpg"}],"twitter_card":"summary_large_image","twitter_misc":{"Dur\u00e9e de lecture estim\u00e9e":"2 minutes"},"schema":{"@context":"https:\/\/schema.org","@graph":[{"@type":"WebPage","@id":"https:\/\/www.myschoolcockpit.ch\/fr\/myschoolcockpit-nos-modules-du-produit\/myschool-connect-connecte-les-appareils-existants-au-reseau\/","url":"https:\/\/www.myschoolcockpit.ch\/fr\/myschoolcockpit-nos-modules-du-produit\/myschool-connect-connecte-les-appareils-existants-au-reseau\/","name":"mySchool Connect - My School Cockpit","isPartOf":{"@id":"https:\/\/www.myschoolcockpit.ch\/fr\/#website"},"datePublished":"2022-08-18T13:08:25+00:00","dateModified":"2024-01-25T08:39:18+00:00","description":"MySchool Connect int\u00e8gre les appareils num\u00e9riques d\u00e9j\u00e0 existants dans le r\u00e9seau et dans mySchool Control tout en assurant la surveillance num\u00e9rique.","breadcrumb":{"@id":"https:\/\/www.myschoolcockpit.ch\/fr\/myschoolcockpit-nos-modules-du-produit\/myschool-connect-connecte-les-appareils-existants-au-reseau\/#breadcrumb"},"inLanguage":"fr-FR","potentialAction":[{"@type":"ReadAction","target":["https:\/\/www.myschoolcockpit.ch\/fr\/myschoolcockpit-nos-modules-du-produit\/myschool-connect-connecte-les-appareils-existants-au-reseau\/"]}]},{"@type":"BreadcrumbList","@id":"https:\/\/www.myschoolcockpit.ch\/fr\/myschoolcockpit-nos-modules-du-produit\/myschool-connect-connecte-les-appareils-existants-au-reseau\/#breadcrumb","itemListElement":[{"@type":"ListItem","position":1,"name":"Startseite","item":"https:\/\/www.myschoolcockpit.ch\/fr\/"},{"@type":"ListItem","position":2,"name":"Produit","item":"https:\/\/www.myschoolcockpit.ch\/fr\/myschoolcockpit-nos-modules-du-produit\/"},{"@type":"ListItem","position":3,"name":"mySchool Connect"}]},{"@type":"WebSite","@id":"https:\/\/www.myschoolcockpit.ch\/fr\/#website","url":"https:\/\/www.myschoolcockpit.ch\/fr\/","name":"My School Cockpit","description":"Die webbasierte Schweizer Unterrichts- und Kommunikationsplatform","publisher":{"@id":"https:\/\/www.myschoolcockpit.ch\/fr\/#organization"},"potentialAction":[{"@type":"SearchAction","target":{"@type":"EntryPoint","urlTemplate":"https:\/\/www.myschoolcockpit.ch\/fr\/?s={search_term_string}"},"query-input":"required name=search_term_string"}],"inLanguage":"fr-FR"},{"@type":"Organization","@id":"https:\/\/www.myschoolcockpit.ch\/fr\/#organization","name":"My School Cockpit","url":"https:\/\/www.myschoolcockpit.ch\/fr\/","sameAs":[],"logo":{"@type":"ImageObject","inLanguage":"fr-FR","@id":"https:\/\/www.myschoolcockpit.ch\/fr\/#\/schema\/logo\/image\/","url":"https:\/\/www.myschoolcockpit.ch\/fr\/wp-content\/uploads\/sites\/3\/2022\/07\/Logo_mSC_header.svg","contentUrl":"https:\/\/www.myschoolcockpit.ch\/fr\/wp-content\/uploads\/sites\/3\/2022\/07\/Logo_mSC_header.svg","caption":"My School Cockpit"},"image":{"@id":"https:\/\/www.myschoolcockpit.ch\/fr\/#\/schema\/logo\/image\/"}}]}},"_links":{"self":[{"href":"https:\/\/www.myschoolcockpit.ch\/fr\/wp-json\/wp\/v2\/pages\/727","targetHints":{"allow":["GET"]}}],"collection":[{"href":"https:\/\/www.myschoolcockpit.ch\/fr\/wp-json\/wp\/v2\/pages"}],"about":[{"href":"https:\/\/www.myschoolcockpit.ch\/fr\/wp-json\/wp\/v2\/types\/page"}],"author":[{"embeddable":true,"href":"https:\/\/www.myschoolcockpit.ch\/fr\/wp-json\/wp\/v2\/users\/2"}],"replies":[{"embeddable":true,"href":"https:\/\/www.myschoolcockpit.ch\/fr\/wp-json\/wp\/v2\/comments?post=727"}],"version-history":[{"count":31,"href":"https:\/\/www.myschoolcockpit.ch\/fr\/wp-json\/wp\/v2\/pages\/727\/revisions"}],"predecessor-version":[{"id":1430,"href":"https:\/\/www.myschoolcockpit.ch\/fr\/wp-json\/wp\/v2\/pages\/727\/revisions\/1430"}],"up":[{"embeddable":true,"href":"https:\/\/www.myschoolcockpit.ch\/fr\/wp-json\/wp\/v2\/pages\/33"}],"wp:attachment":[{"href":"https:\/\/www.myschoolcockpit.ch\/fr\/wp-json\/wp\/v2\/media?parent=727"}],"curies":[{"name":"wp","href":"https:\/\/api.w.org\/{rel}","templated":true}]}}